{"id":4146,"date":"2021-12-03T15:11:43","date_gmt":"2021-12-03T14:11:43","guid":{"rendered":"https:\/\/aerea.demowebsite.it\/company\/"},"modified":"2025-06-09T11:57:12","modified_gmt":"2025-06-09T09:57:12","slug":"azienda","status":"publish","type":"page","link":"https:\/\/aerea.it\/it\/azienda\/","title":{"rendered":"Azienda"},"content":{"rendered":"\t\t<div data-elementor-type=\"wp-page\" data-elementor-id=\"4146\" class=\"elementor elementor-4146 elementor-2301\" data-elementor-post-type=\"page\">\n\t\t\t\t\t\t<section class=\"elementor-section elementor-top-section elementor-element elementor-element-0447772 elementor-section-full_width elementor-section-height-default elementor-section-height-default\" data-id=\"0447772\" data-element_type=\"section\" data-settings=\"{&quot;background_background&quot;:&quot;classic&quot;}\">\n\t\t\t\t\t\t\t<div class=\"elementor-background-overlay\"><\/div>\n\t\t\t\t\t\t\t<div class=\"elementor-container elementor-column-gap-default\">\n\t\t\t\t\t<div class=\"elementor-column elementor-col-25 elementor-top-column elementor-element elementor-element-15138a8 elementor-hidden-tablet elementor-hidden-mobile\" data-id=\"15138a8\" data-element_type=\"column\">\n\t\t\t<div class=\"elementor-widget-wrap elementor-element-populated\">\n\t\t\t\t\t\t<div class=\"elementor-element elementor-element-0b4c2e3 elementor-widget elementor-widget-spacer\" data-id=\"0b4c2e3\" data-element_type=\"widget\" data-widget_type=\"spacer.default\">\n\t\t\t\t<div class=\"elementor-widget-container\">\n\t\t\t\t\t\t\t<div class=\"elementor-spacer\">\n\t\t\t<div class=\"elementor-spacer-inner\"><\/div>\n\t\t<\/div>\n\t\t\t\t\t\t<\/div>\n\t\t\t\t<\/div>\n\t\t\t\t<div class=\"elementor-element elementor-element-e52a1bf elementor-widget elementor-widget-spacer\" data-id=\"e52a1bf\" data-element_type=\"widget\" data-widget_type=\"spacer.default\">\n\t\t\t\t<div class=\"elementor-widget-container\">\n\t\t\t\t\t\t\t<div class=\"elementor-spacer\">\n\t\t\t<div class=\"elementor-spacer-inner\"><\/div>\n\t\t<\/div>\n\t\t\t\t\t\t<\/div>\n\t\t\t\t<\/div>\n\t\t\t\t\t<\/div>\n\t\t<\/div>\n\t\t\t\t<div class=\"elementor-column elementor-col-25 elementor-top-column elementor-element elementor-element-894a18c\" data-id=\"894a18c\" data-element_type=\"column\" data-settings=\"{&quot;background_background&quot;:&quot;classic&quot;}\">\n\t\t\t<div class=\"elementor-widget-wrap elementor-element-populated\">\n\t\t\t\t\t<div class=\"elementor-background-overlay\"><\/div>\n\t\t\t\t\t\t<div class=\"elementor-element elementor-element-1e1c96e elementor-widget elementor-widget-spacer\" data-id=\"1e1c96e\" data-element_type=\"widget\" data-widget_type=\"spacer.default\">\n\t\t\t\t<div class=\"elementor-widget-container\">\n\t\t\t\t\t\t\t<div class=\"elementor-spacer\">\n\t\t\t<div class=\"elementor-spacer-inner\"><\/div>\n\t\t<\/div>\n\t\t\t\t\t\t<\/div>\n\t\t\t\t<\/div>\n\t\t\t\t<div class=\"elementor-element elementor-element-16cc4f0 neutro elementor-widget elementor-widget-heading\" data-id=\"16cc4f0\" data-element_type=\"widget\" data-widget_type=\"heading.default\">\n\t\t\t\t<div class=\"elementor-widget-container\">\n\t\t\t\t\t<h1 class=\"elementor-heading-title elementor-size-default\">Azienda<\/h1>\t\t\t\t<\/div>\n\t\t\t\t<\/div>\n\t\t\t\t<div class=\"elementor-element elementor-element-80f0764 norms elementor-widget elementor-widget-heading\" data-id=\"80f0764\" data-element_type=\"widget\" data-widget_type=\"heading.default\">\n\t\t\t\t<div class=\"elementor-widget-container\">\n\t\t\t\t\t<h2 class=\"elementor-heading-title elementor-size-default\">Dal 1927 la nostra missione \u00e8 il successo della vostra missione<\/h2>\t\t\t\t<\/div>\n\t\t\t\t<\/div>\n\t\t\t\t<div class=\"elementor-element elementor-element-fa7dcc6 elementor-widget elementor-widget-spacer\" data-id=\"fa7dcc6\" data-element_type=\"widget\" data-widget_type=\"spacer.default\">\n\t\t\t\t<div class=\"elementor-widget-container\">\n\t\t\t\t\t\t\t<div class=\"elementor-spacer\">\n\t\t\t<div class=\"elementor-spacer-inner\"><\/div>\n\t\t<\/div>\n\t\t\t\t\t\t<\/div>\n\t\t\t\t<\/div>\n\t\t\t\t\t<\/div>\n\t\t<\/div>\n\t\t\t\t<div class=\"elementor-column elementor-col-50 elementor-top-column elementor-element elementor-element-6f047c9 elementor-hidden-tablet elementor-hidden-mobile\" data-id=\"6f047c9\" data-element_type=\"column\">\n\t\t\t<div class=\"elementor-widget-wrap elementor-element-populated\">\n\t\t\t\t\t\t<div class=\"elementor-element elementor-element-05a4a52 elementor-widget elementor-widget-spacer\" data-id=\"05a4a52\" data-element_type=\"widget\" data-widget_type=\"spacer.default\">\n\t\t\t\t<div class=\"elementor-widget-container\">\n\t\t\t\t\t\t\t<div class=\"elementor-spacer\">\n\t\t\t<div class=\"elementor-spacer-inner\"><\/div>\n\t\t<\/div>\n\t\t\t\t\t\t<\/div>\n\t\t\t\t<\/div>\n\t\t\t\t<div class=\"elementor-element elementor-element-94ef23f elementor-widget elementor-widget-spacer\" data-id=\"94ef23f\" data-element_type=\"widget\" data-widget_type=\"spacer.default\">\n\t\t\t\t<div class=\"elementor-widget-container\">\n\t\t\t\t\t\t\t<div class=\"elementor-spacer\">\n\t\t\t<div class=\"elementor-spacer-inner\"><\/div>\n\t\t<\/div>\n\t\t\t\t\t\t<\/div>\n\t\t\t\t<\/div>\n\t\t\t\t\t<\/div>\n\t\t<\/div>\n\t\t\t\t\t<\/div>\n\t\t<\/section>\n\t\t\t\t<section class=\"elementor-section elementor-top-section elementor-element elementor-element-4937579 elementor-section-full_width elementor-section-height-default elementor-section-height-default\" data-id=\"4937579\" data-element_type=\"section\" data-settings=\"{&quot;background_background&quot;:&quot;classic&quot;}\">\n\t\t\t\t\t\t<div class=\"elementor-container elementor-column-gap-default\">\n\t\t\t\t\t<div class=\"elementor-column elementor-col-25 elementor-top-column elementor-element elementor-element-f7813b3 elementor-hidden-tablet elementor-hidden-mobile\" data-id=\"f7813b3\" data-element_type=\"column\">\n\t\t\t<div class=\"elementor-widget-wrap\">\n\t\t\t\t\t\t\t<\/div>\n\t\t<\/div>\n\t\t\t\t<div class=\"elementor-column elementor-col-25 elementor-top-column elementor-element elementor-element-8db5e4d\" data-id=\"8db5e4d\" data-element_type=\"column\">\n\t\t\t<div class=\"elementor-widget-wrap elementor-element-populated\">\n\t\t\t\t\t\t<div class=\"elementor-element elementor-element-9fc7318 justify elementor-widget elementor-widget-text-editor\" data-id=\"9fc7318\" data-element_type=\"widget\" data-widget_type=\"text-editor.default\">\n\t\t\t\t<div class=\"elementor-widget-container\">\n\t\t\t\t\t\t\t\t\t<p>Fondata a Milano nel 1927, AEREA &egrave; una societ&agrave; privata che progetta e realizza sistemi di trasporto e rilascio carichi, equipaggiamenti di ruolo, componenti strutturali e attrezzature di supporto logistico a terra per velivoli militari ad ala fissa e rotante.<\/p>\n<p>La nostra capacit&agrave; progettuale frutto di una pluridecennale esperienza nel campo e l&rsquo;elevato livello qualitativo dei nostri reparti produttivi tecnologicamente costantemente aggiornati allo stato dell&rsquo;arte, fanno di AEREA il migliore interprete, anche per i programmi della difesa pi&ugrave; complessi, dei requisiti dell&rsquo;Utilizzatore Finale dalle fasi di sviluppo all&rsquo;assistenza post-produzione contribuendo fattivamente all&rsquo;ottimizzazione del sistema d&rsquo;arma della piattaforma velivolo in relazione ai carichi aviotrasportati<\/p>\n<p>I nostri prodotti sono presenti sulle principali piattaforme operanti in ambito NATO, tra cui EF2000 Typhoon, F-35 Lightning II, M346, NH90, AW\/T129.<\/p>\t\t\t\t\t\t\t\t<\/div>\n\t\t\t\t<\/div>\n\t\t\t\t\t<\/div>\n\t\t<\/div>\n\t\t\t\t<div class=\"elementor-column elementor-col-25 elementor-top-column elementor-element elementor-element-d0332e2\" data-id=\"d0332e2\" data-element_type=\"column\">\n\t\t\t<div class=\"elementor-widget-wrap elementor-element-populated\">\n\t\t\t\t\t\t<div class=\"elementor-element elementor-element-83be42f justify elementor-widget elementor-widget-text-editor\" data-id=\"83be42f\" data-element_type=\"widget\" data-widget_type=\"text-editor.default\">\n\t\t\t\t<div class=\"elementor-widget-container\">\n\t\t\t\t\t\t\t\t\t<p>Dal 2014 operiamo dalla moderna struttura di Turate (Como), specificatamente concepita per soddisfare al meglio i requisiti pi\u00f9 elevati del mercato attuale e futuro.<\/p><p>Dal 2018 AEREA controlla al 100% Galvair di Barberino del Mugello (Firenze), azienda specializzata in processi metallurgici hi-tech e ispezioni non distruttive (NDI) non solo per l\u2019aeronautica, ma anche per altri settori quali spazio e automobilistico.<\/p><p>Costituita nel 1988 ACMA GmbH \u00e8 una societ\u00e0 paritetica AEREA\/Airbus con sede a Monaco, che segue i rapporti contrattuali nell\u2019ambito del programma Eurofighter.<\/p><p>Dalla seconda met\u00e0 degli anni \u201980 AEREA \u00e8 socio dell\u2019ente di ricerca italiano CIRA (Centro Italiano Ricerche Aerospaziali)<\/p>\t\t\t\t\t\t\t\t<\/div>\n\t\t\t\t<\/div>\n\t\t\t\t\t<\/div>\n\t\t<\/div>\n\t\t\t\t<div class=\"elementor-column elementor-col-25 elementor-top-column elementor-element elementor-element-b479989 elementor-hidden-tablet elementor-hidden-mobile\" data-id=\"b479989\" data-element_type=\"column\">\n\t\t\t<div class=\"elementor-widget-wrap\">\n\t\t\t\t\t\t\t<\/div>\n\t\t<\/div>\n\t\t\t\t\t<\/div>\n\t\t<\/section>\n\t\t\t\t<\/div>\n\t\t","protected":false},"excerpt":{"rendered":"<p>Azienda Dal 1927 la nostra missione \u00e8 il successo della vostra missione Fondata a Milano nel 1927, AEREA &egrave; una societ&agrave; privata che progetta e realizza sistemi di trasporto e rilascio carichi, equipaggiamenti di ruolo, componenti strutturali e attrezzature di supporto logistico a terra per velivoli militari ad ala fissa e rotante. La nostra capacit&agrave; [&hellip;]<\/p>\n","protected":false},"author":1,"featured_media":0,"parent":0,"menu_order":0,"comment_status":"closed","ping_status":"closed","template":"","meta":{"site-sidebar-layout":"no-sidebar","site-content-layout":"page-builder","ast-site-content-layout":"default","site-content-style":"default","site-sidebar-style":"default","ast-global-header-display":"","ast-banner-title-visibility":"","ast-main-header-display":"","ast-hfb-above-header-display":"","ast-hfb-below-header-display":"","ast-hfb-mobile-header-display":"","site-post-title":"disabled","ast-breadcrumbs-content":"","ast-featured-img":"disabled","footer-sml-layout":"","ast-disable-related-posts":"","theme-transparent-header-meta":"default","adv-header-id-meta":"","stick-header-meta":"","header-above-stick-meta":"","header-main-stick-meta":"","header-below-stick-meta":"","astra-migrate-meta-layouts":"default","ast-page-background-enabled":"default","ast-page-background-meta":{"desktop":{"background-color":"","background-image":"","background-repeat":"repeat","background-position":"center center","background-size":"auto","background-attachment":"scroll","background-type":"","background-media":"","overlay-type":"","overlay-color":"","overlay-opacity":"","overlay-gradient":""},"tablet":{"background-color":"","background-image":"","background-repeat":"repeat","background-position":"center center","background-size":"auto","background-attachment":"scroll","background-type":"","background-media":"","overlay-type":"","overlay-color":"","overlay-opacity":"","overlay-gradient":""},"mobile":{"background-color":"","background-image":"","background-repeat":"repeat","background-position":"center center","background-size":"auto","background-attachment":"scroll","background-type":"","background-media":"","overlay-type":"","overlay-color":"","overlay-opacity":"","overlay-gradient":""}},"ast-content-background-meta":{"desktop":{"background-color":"var(--ast-global-color-5)","background-image":"","background-repeat":"repeat","background-position":"center center","background-size":"auto","background-attachment":"scroll","background-type":"","background-media":"","overlay-type":"","overlay-color":"","overlay-opacity":"","overlay-gradient":""},"tablet":{"background-color":"var(--ast-global-color-5)","background-image":"","background-repeat":"repeat","background-position":"center center","background-size":"auto","background-attachment":"scroll","background-type":"","background-media":"","overlay-type":"","overlay-color":"","overlay-opacity":"","overlay-gradient":""},"mobile":{"background-color":"var(--ast-global-color-5)","background-image":"","background-repeat":"repeat","background-position":"center center","background-size":"auto","background-attachment":"scroll","background-type":"","background-media":"","overlay-type":"","overlay-color":"","overlay-opacity":"","overlay-gradient":""}},"footnotes":""},"class_list":["post-4146","page","type-page","status-publish","hentry"],"yoast_head":"<!-- This site is optimized with the Yoast SEO plugin v26.6 - https:\/\/yoast.com\/wordpress\/plugins\/seo\/ -->\n<title>AEREA: una societ\u00e0 italiana privata che opera nel settore aerospaziale<\/title>\n<meta name=\"description\" content=\"La moderna struttura di AEREA \u00e8 specificatamente concepita per soddisfare al meglio i requisiti pi\u00f9 elevati del mercato attuale e futuro.\" \/>\n<meta name=\"robots\" content=\"index, follow, max-snippet:-1, max-image-preview:large, max-video-preview:-1\" \/>\n<link rel=\"canonical\" href=\"https:\/\/aerea.it\/it\/azienda\/\" \/>\n<meta property=\"og:locale\" content=\"it_IT\" \/>\n<meta property=\"og:type\" content=\"article\" \/>\n<meta property=\"og:title\" content=\"AEREA: una societ\u00e0 italiana privata che opera nel settore aerospaziale\" \/>\n<meta property=\"og:description\" content=\"La moderna struttura di AEREA \u00e8 specificatamente concepita per soddisfare al meglio i requisiti pi\u00f9 elevati del mercato attuale e futuro.\" \/>\n<meta property=\"og:url\" content=\"https:\/\/aerea.it\/it\/azienda\/\" \/>\n<meta property=\"og:site_name\" content=\"AEREA S.p.A.\" \/>\n<meta property=\"article:modified_time\" content=\"2025-06-09T09:57:12+00:00\" \/>\n<meta name=\"twitter:card\" content=\"summary_large_image\" \/>\n<meta name=\"twitter:label1\" content=\"Tempo di lettura stimato\" \/>\n\t<meta name=\"twitter:data1\" content=\"2 minuti\" \/>\n<script type=\"application\/ld+json\" class=\"yoast-schema-graph\">{\"@context\":\"https:\/\/schema.org\",\"@graph\":[{\"@type\":\"WebPage\",\"@id\":\"https:\/\/aerea.it\/it\/azienda\/\",\"url\":\"https:\/\/aerea.it\/it\/azienda\/\",\"name\":\"AEREA: una societ\u00e0 italiana privata che opera nel settore aerospaziale\",\"isPartOf\":{\"@id\":\"https:\/\/aerea.it\/it\/#website\"},\"datePublished\":\"2021-12-03T14:11:43+00:00\",\"dateModified\":\"2025-06-09T09:57:12+00:00\",\"description\":\"La moderna struttura di AEREA \u00e8 specificatamente concepita per soddisfare al meglio i requisiti pi\u00f9 elevati del mercato attuale e futuro.\",\"breadcrumb\":{\"@id\":\"https:\/\/aerea.it\/it\/azienda\/#breadcrumb\"},\"inLanguage\":\"it-IT\",\"potentialAction\":[{\"@type\":\"ReadAction\",\"target\":[\"https:\/\/aerea.it\/it\/azienda\/\"]}]},{\"@type\":\"BreadcrumbList\",\"@id\":\"https:\/\/aerea.it\/it\/azienda\/#breadcrumb\",\"itemListElement\":[{\"@type\":\"ListItem\",\"position\":1,\"name\":\"Home\",\"item\":\"https:\/\/aerea.it\/it\/\"},{\"@type\":\"ListItem\",\"position\":2,\"name\":\"Azienda\"}]},{\"@type\":\"WebSite\",\"@id\":\"https:\/\/aerea.it\/it\/#website\",\"url\":\"https:\/\/aerea.it\/it\/\",\"name\":\"AEREA S.p.A.\",\"description\":\"Since 1927 our mission is the success of your mission\",\"publisher\":{\"@id\":\"https:\/\/aerea.it\/it\/#organization\"},\"potentialAction\":[{\"@type\":\"SearchAction\",\"target\":{\"@type\":\"EntryPoint\",\"urlTemplate\":\"https:\/\/aerea.it\/it\/?s={search_term_string}\"},\"query-input\":{\"@type\":\"PropertyValueSpecification\",\"valueRequired\":true,\"valueName\":\"search_term_string\"}}],\"inLanguage\":\"it-IT\"},{\"@type\":\"Organization\",\"@id\":\"https:\/\/aerea.it\/it\/#organization\",\"name\":\"Aerea S.p.A.\",\"url\":\"https:\/\/aerea.it\/it\/\",\"logo\":{\"@type\":\"ImageObject\",\"inLanguage\":\"it-IT\",\"@id\":\"https:\/\/aerea.it\/it\/#\/schema\/logo\/image\/\",\"url\":\"https:\/\/aerea.it\/wp-content\/uploads\/2021\/09\/cropped-Aerea_logo.png\",\"contentUrl\":\"https:\/\/aerea.it\/wp-content\/uploads\/2021\/09\/cropped-Aerea_logo.png\",\"width\":488,\"height\":168,\"caption\":\"Aerea S.p.A.\"},\"image\":{\"@id\":\"https:\/\/aerea.it\/it\/#\/schema\/logo\/image\/\"}}]}<\/script>\n<!-- \/ Yoast SEO plugin. -->","yoast_head_json":{"title":"AEREA: una societ\u00e0 italiana privata che opera nel settore aerospaziale","description":"La moderna struttura di AEREA \u00e8 specificatamente concepita per soddisfare al meglio i requisiti pi\u00f9 elevati del mercato attuale e futuro.","robots":{"index":"index","follow":"follow","max-snippet":"max-snippet:-1","max-image-preview":"max-image-preview:large","max-video-preview":"max-video-preview:-1"},"canonical":"https:\/\/aerea.it\/it\/azienda\/","og_locale":"it_IT","og_type":"article","og_title":"AEREA: una societ\u00e0 italiana privata che opera nel settore aerospaziale","og_description":"La moderna struttura di AEREA \u00e8 specificatamente concepita per soddisfare al meglio i requisiti pi\u00f9 elevati del mercato attuale e futuro.","og_url":"https:\/\/aerea.it\/it\/azienda\/","og_site_name":"AEREA S.p.A.","article_modified_time":"2025-06-09T09:57:12+00:00","twitter_card":"summary_large_image","twitter_misc":{"Tempo di lettura stimato":"2 minuti"},"schema":{"@context":"https:\/\/schema.org","@graph":[{"@type":"WebPage","@id":"https:\/\/aerea.it\/it\/azienda\/","url":"https:\/\/aerea.it\/it\/azienda\/","name":"AEREA: una societ\u00e0 italiana privata che opera nel settore aerospaziale","isPartOf":{"@id":"https:\/\/aerea.it\/it\/#website"},"datePublished":"2021-12-03T14:11:43+00:00","dateModified":"2025-06-09T09:57:12+00:00","description":"La moderna struttura di AEREA \u00e8 specificatamente concepita per soddisfare al meglio i requisiti pi\u00f9 elevati del mercato attuale e futuro.","breadcrumb":{"@id":"https:\/\/aerea.it\/it\/azienda\/#breadcrumb"},"inLanguage":"it-IT","potentialAction":[{"@type":"ReadAction","target":["https:\/\/aerea.it\/it\/azienda\/"]}]},{"@type":"BreadcrumbList","@id":"https:\/\/aerea.it\/it\/azienda\/#breadcrumb","itemListElement":[{"@type":"ListItem","position":1,"name":"Home","item":"https:\/\/aerea.it\/it\/"},{"@type":"ListItem","position":2,"name":"Azienda"}]},{"@type":"WebSite","@id":"https:\/\/aerea.it\/it\/#website","url":"https:\/\/aerea.it\/it\/","name":"AEREA S.p.A.","description":"Since 1927 our mission is the success of your mission","publisher":{"@id":"https:\/\/aerea.it\/it\/#organization"},"potentialAction":[{"@type":"SearchAction","target":{"@type":"EntryPoint","urlTemplate":"https:\/\/aerea.it\/it\/?s={search_term_string}"},"query-input":{"@type":"PropertyValueSpecification","valueRequired":true,"valueName":"search_term_string"}}],"inLanguage":"it-IT"},{"@type":"Organization","@id":"https:\/\/aerea.it\/it\/#organization","name":"Aerea S.p.A.","url":"https:\/\/aerea.it\/it\/","logo":{"@type":"ImageObject","inLanguage":"it-IT","@id":"https:\/\/aerea.it\/it\/#\/schema\/logo\/image\/","url":"https:\/\/aerea.it\/wp-content\/uploads\/2021\/09\/cropped-Aerea_logo.png","contentUrl":"https:\/\/aerea.it\/wp-content\/uploads\/2021\/09\/cropped-Aerea_logo.png","width":488,"height":168,"caption":"Aerea S.p.A."},"image":{"@id":"https:\/\/aerea.it\/it\/#\/schema\/logo\/image\/"}}]}},"_links":{"self":[{"href":"https:\/\/aerea.it\/it\/wp-json\/wp\/v2\/pages\/4146","targetHints":{"allow":["GET"]}}],"collection":[{"href":"https:\/\/aerea.it\/it\/wp-json\/wp\/v2\/pages"}],"about":[{"href":"https:\/\/aerea.it\/it\/wp-json\/wp\/v2\/types\/page"}],"author":[{"embeddable":true,"href":"https:\/\/aerea.it\/it\/wp-json\/wp\/v2\/users\/1"}],"replies":[{"embeddable":true,"href":"https:\/\/aerea.it\/it\/wp-json\/wp\/v2\/comments?post=4146"}],"version-history":[{"count":3,"href":"https:\/\/aerea.it\/it\/wp-json\/wp\/v2\/pages\/4146\/revisions"}],"predecessor-version":[{"id":6036,"href":"https:\/\/aerea.it\/it\/wp-json\/wp\/v2\/pages\/4146\/revisions\/6036"}],"wp:attachment":[{"href":"https:\/\/aerea.it\/it\/wp-json\/wp\/v2\/media?parent=4146"}],"curies":[{"name":"wp","href":"https:\/\/api.w.org\/{rel}","templated":true}]}}