{"id":4152,"date":"2021-10-26T11:26:14","date_gmt":"2021-10-26T09:26:14","guid":{"rendered":"https:\/\/aerea.demowebsite.it\/production\/"},"modified":"2022-11-28T17:13:00","modified_gmt":"2022-11-28T16:13:00","slug":"produzione","status":"publish","type":"page","link":"https:\/\/aerea.it\/it\/competenze\/produzione\/","title":{"rendered":"Produzione"},"content":{"rendered":"\t\t<div data-elementor-type=\"wp-page\" data-elementor-id=\"4152\" class=\"elementor elementor-4152 elementor-774\" data-elementor-post-type=\"page\">\n\t\t\t\t\t\t<section class=\"elementor-section elementor-top-section elementor-element elementor-element-645004e elementor-section-full_width elementor-section-height-default elementor-section-height-default\" data-id=\"645004e\" data-element_type=\"section\" data-settings=\"{&quot;background_background&quot;:&quot;classic&quot;}\">\n\t\t\t\t\t\t\t<div class=\"elementor-background-overlay\"><\/div>\n\t\t\t\t\t\t\t<div class=\"elementor-container elementor-column-gap-default\">\n\t\t\t\t\t<div class=\"elementor-column elementor-col-25 elementor-top-column elementor-element elementor-element-33e56f4 elementor-hidden-tablet elementor-hidden-mobile\" data-id=\"33e56f4\" data-element_type=\"column\">\n\t\t\t<div class=\"elementor-widget-wrap elementor-element-populated\">\n\t\t\t\t\t\t<div class=\"elementor-element elementor-element-61b33e1 elementor-widget elementor-widget-spacer\" data-id=\"61b33e1\" data-element_type=\"widget\" data-widget_type=\"spacer.default\">\n\t\t\t\t<div class=\"elementor-widget-container\">\n\t\t\t\t\t\t\t<div class=\"elementor-spacer\">\n\t\t\t<div class=\"elementor-spacer-inner\"><\/div>\n\t\t<\/div>\n\t\t\t\t\t\t<\/div>\n\t\t\t\t<\/div>\n\t\t\t\t<div class=\"elementor-element elementor-element-8e78b8d elementor-widget elementor-widget-spacer\" data-id=\"8e78b8d\" data-element_type=\"widget\" data-widget_type=\"spacer.default\">\n\t\t\t\t<div class=\"elementor-widget-container\">\n\t\t\t\t\t\t\t<div class=\"elementor-spacer\">\n\t\t\t<div class=\"elementor-spacer-inner\"><\/div>\n\t\t<\/div>\n\t\t\t\t\t\t<\/div>\n\t\t\t\t<\/div>\n\t\t\t\t\t<\/div>\n\t\t<\/div>\n\t\t\t\t<div class=\"elementor-column elementor-col-25 elementor-top-column elementor-element elementor-element-642a334\" data-id=\"642a334\" data-element_type=\"column\">\n\t\t\t<div class=\"elementor-widget-wrap elementor-element-populated\">\n\t\t\t\t\t\t<div class=\"elementor-element elementor-element-a6cf5c6 elementor-widget elementor-widget-spacer\" data-id=\"a6cf5c6\" data-element_type=\"widget\" data-widget_type=\"spacer.default\">\n\t\t\t\t<div class=\"elementor-widget-container\">\n\t\t\t\t\t\t\t<div class=\"elementor-spacer\">\n\t\t\t<div class=\"elementor-spacer-inner\"><\/div>\n\t\t<\/div>\n\t\t\t\t\t\t<\/div>\n\t\t\t\t<\/div>\n\t\t\t\t<div class=\"elementor-element elementor-element-b2f6a0e neutro elementor-widget elementor-widget-heading\" data-id=\"b2f6a0e\" data-element_type=\"widget\" data-widget_type=\"heading.default\">\n\t\t\t\t<div class=\"elementor-widget-container\">\n\t\t\t\t\t<h1 class=\"elementor-heading-title elementor-size-default\">Produzione<\/h1>\t\t\t\t<\/div>\n\t\t\t\t<\/div>\n\t\t\t\t<div class=\"elementor-element elementor-element-1fd4721 norms elementor-widget elementor-widget-heading\" data-id=\"1fd4721\" data-element_type=\"widget\" data-widget_type=\"heading.default\">\n\t\t\t\t<div class=\"elementor-widget-container\">\n\t\t\t\t\t<h2 class=\"elementor-heading-title elementor-size-default\">Dal 1927 la nostra missione \u00e8 il successo della vostra missione<\/h2>\t\t\t\t<\/div>\n\t\t\t\t<\/div>\n\t\t\t\t<div class=\"elementor-element elementor-element-8cedf84 elementor-widget elementor-widget-spacer\" data-id=\"8cedf84\" data-element_type=\"widget\" data-widget_type=\"spacer.default\">\n\t\t\t\t<div class=\"elementor-widget-container\">\n\t\t\t\t\t\t\t<div class=\"elementor-spacer\">\n\t\t\t<div class=\"elementor-spacer-inner\"><\/div>\n\t\t<\/div>\n\t\t\t\t\t\t<\/div>\n\t\t\t\t<\/div>\n\t\t\t\t\t<\/div>\n\t\t<\/div>\n\t\t\t\t<div class=\"elementor-column elementor-col-50 elementor-top-column elementor-element elementor-element-a127ef6 elementor-hidden-tablet elementor-hidden-mobile\" data-id=\"a127ef6\" data-element_type=\"column\">\n\t\t\t<div class=\"elementor-widget-wrap elementor-element-populated\">\n\t\t\t\t\t\t<div class=\"elementor-element elementor-element-12b3551 elementor-widget elementor-widget-spacer\" data-id=\"12b3551\" data-element_type=\"widget\" data-widget_type=\"spacer.default\">\n\t\t\t\t<div class=\"elementor-widget-container\">\n\t\t\t\t\t\t\t<div class=\"elementor-spacer\">\n\t\t\t<div class=\"elementor-spacer-inner\"><\/div>\n\t\t<\/div>\n\t\t\t\t\t\t<\/div>\n\t\t\t\t<\/div>\n\t\t\t\t<div class=\"elementor-element elementor-element-342f6ee elementor-widget elementor-widget-spacer\" data-id=\"342f6ee\" data-element_type=\"widget\" data-widget_type=\"spacer.default\">\n\t\t\t\t<div class=\"elementor-widget-container\">\n\t\t\t\t\t\t\t<div class=\"elementor-spacer\">\n\t\t\t<div class=\"elementor-spacer-inner\"><\/div>\n\t\t<\/div>\n\t\t\t\t\t\t<\/div>\n\t\t\t\t<\/div>\n\t\t\t\t\t<\/div>\n\t\t<\/div>\n\t\t\t\t\t<\/div>\n\t\t<\/section>\n\t\t\t\t<section class=\"elementor-section elementor-top-section elementor-element elementor-element-5a27412 elementor-section-full_width elementor-section-height-default elementor-section-height-default\" data-id=\"5a27412\" data-element_type=\"section\">\n\t\t\t\t\t\t<div class=\"elementor-container elementor-column-gap-default\">\n\t\t\t\t\t<div class=\"elementor-column elementor-col-25 elementor-top-column elementor-element elementor-element-26a88ec elementor-hidden-tablet elementor-hidden-mobile\" data-id=\"26a88ec\" data-element_type=\"column\">\n\t\t\t<div class=\"elementor-widget-wrap\">\n\t\t\t\t\t\t\t<\/div>\n\t\t<\/div>\n\t\t\t\t<div class=\"elementor-column elementor-col-25 elementor-top-column elementor-element elementor-element-e05fbb8\" data-id=\"e05fbb8\" data-element_type=\"column\">\n\t\t\t<div class=\"elementor-widget-wrap elementor-element-populated\">\n\t\t\t\t\t\t<div class=\"elementor-element elementor-element-4b75d2e justify elementor-widget elementor-widget-text-editor\" data-id=\"4b75d2e\" data-element_type=\"widget\" data-widget_type=\"text-editor.default\">\n\t\t\t\t<div class=\"elementor-widget-container\">\n\t\t\t\t\t\t\t\t\t<strong style=\"font-size: 20px;\">Innovazione<\/strong> e know-how sono i principali punti di forza della nostra capacit&agrave; di realizzare gli equipaggiamenti di nostra progettazione, cos&igrave; come particolari complessi per conto terzi, in conformit&agrave; alle pi&ugrave; rigorose specifiche aeronautiche.<\/p>\n<p>Trattiamo l&rsquo;intera gamma di acciai e leghe ad alta resistenza tipici per impiego aerospaziale, inclusi maraging, inconel e titanio, quest&rsquo;ultimo anche con tecnologia additiva.<\/p>\t\t\t\t\t\t\t\t<\/div>\n\t\t\t\t<\/div>\n\t\t\t\t\t<\/div>\n\t\t<\/div>\n\t\t\t\t<div class=\"elementor-column elementor-col-25 elementor-top-column elementor-element elementor-element-17f7e12\" data-id=\"17f7e12\" data-element_type=\"column\">\n\t\t\t<div class=\"elementor-widget-wrap elementor-element-populated\">\n\t\t\t\t\t\t<div class=\"elementor-element elementor-element-5a4b130 justify elementor-widget elementor-widget-text-editor\" data-id=\"5a4b130\" data-element_type=\"widget\" data-widget_type=\"text-editor.default\">\n\t\t\t\t<div class=\"elementor-widget-container\">\n\t\t\t\t\t\t\t\t\t<p><strong>La nostra produzione<\/strong> \u00e8 organizzata per gestire tutte le attivit\u00e0 di pianificazione, industrializzazione, macchinazione ed assemblaggio, con il supporto dei pi\u00f9 avanzati sistemi informatici, integrati con i centri di lavoro a controllo numerico e sistemi flessibili ad alta tecnologia ed elevate prestazioni.<br>\nMaterie prime e componentistica standard sono approvvigionati direttamente da maggiori OEM di riferimento, nazionali ed internazionali.<\/p>\t\t\t\t\t\t\t\t<\/div>\n\t\t\t\t<\/div>\n\t\t\t\t\t<\/div>\n\t\t<\/div>\n\t\t\t\t<div class=\"elementor-column elementor-col-25 elementor-top-column elementor-element elementor-element-6693063 elementor-hidden-mobile\" data-id=\"6693063\" data-element_type=\"column\">\n\t\t\t<div class=\"elementor-widget-wrap\">\n\t\t\t\t\t\t\t<\/div>\n\t\t<\/div>\n\t\t\t\t\t<\/div>\n\t\t<\/section>\n\t\t\t\t<section class=\"elementor-section elementor-top-section elementor-element elementor-element-880a092 elementor-section-full_width elementor-reverse-mobile elementor-section-height-default elementor-section-height-default\" data-id=\"880a092\" data-element_type=\"section\" data-settings=\"{&quot;background_background&quot;:&quot;classic&quot;}\">\n\t\t\t\t\t\t<div class=\"elementor-container elementor-column-gap-default\">\n\t\t\t\t\t<div class=\"elementor-column elementor-col-50 elementor-top-column elementor-element elementor-element-64e31cc\" data-id=\"64e31cc\" data-element_type=\"column\" data-settings=\"{&quot;background_background&quot;:&quot;classic&quot;}\">\n\t\t\t<div class=\"elementor-widget-wrap elementor-element-populated\">\n\t\t\t\t\t\t<div class=\"elementor-element elementor-element-dfe90e0 elementor-widget elementor-widget-spacer\" data-id=\"dfe90e0\" data-element_type=\"widget\" data-widget_type=\"spacer.default\">\n\t\t\t\t<div class=\"elementor-widget-container\">\n\t\t\t\t\t\t\t<div class=\"elementor-spacer\">\n\t\t\t<div class=\"elementor-spacer-inner\"><\/div>\n\t\t<\/div>\n\t\t\t\t\t\t<\/div>\n\t\t\t\t<\/div>\n\t\t\t\t\t<\/div>\n\t\t<\/div>\n\t\t\t\t<div class=\"elementor-column elementor-col-50 elementor-top-column elementor-element elementor-element-423bc67\" data-id=\"423bc67\" data-element_type=\"column\" data-settings=\"{&quot;background_background&quot;:&quot;classic&quot;}\">\n\t\t\t<div class=\"elementor-widget-wrap elementor-element-populated\">\n\t\t\t\t\t\t<section class=\"elementor-section elementor-inner-section elementor-element elementor-element-a21aa55 elementor-section-boxed elementor-section-height-default elementor-section-height-default\" data-id=\"a21aa55\" data-element_type=\"section\" data-settings=\"{&quot;background_background&quot;:&quot;classic&quot;}\">\n\t\t\t\t\t\t<div class=\"elementor-container elementor-column-gap-default\">\n\t\t\t\t\t<div class=\"elementor-column elementor-col-100 elementor-inner-column elementor-element elementor-element-17187c2\" data-id=\"17187c2\" data-element_type=\"column\">\n\t\t\t<div class=\"elementor-widget-wrap elementor-element-populated\">\n\t\t\t\t\t\t<div class=\"elementor-element elementor-element-cae9672 justify elementor-widget elementor-widget-text-editor\" data-id=\"cae9672\" data-element_type=\"widget\" data-widget_type=\"text-editor.default\">\n\t\t\t\t<div class=\"elementor-widget-container\">\n\t\t\t\t\t\t\t\t\t<strong>Tra le capacit\u00e0 produttive di Aerea<\/strong> rientrano anche la fabbricazione e verifica di cablaggi e l\u2019integrazione di componentistica elettronica, sempre pi\u00f9 presente sulle pi\u00f9 recenti evoluzioni dei nostri equipaggiamenti, cos\u00ec come i materiali compositi.\t\t\t\t\t\t\t\t<\/div>\n\t\t\t\t<\/div>\n\t\t\t\t<div class=\"elementor-element elementor-element-9414b80 justify elementor-widget elementor-widget-text-editor\" data-id=\"9414b80\" data-element_type=\"widget\" data-widget_type=\"text-editor.default\">\n\t\t\t\t<div class=\"elementor-widget-container\">\n\t\t\t\t\t\t\t\t\tL\u2019integrazione tra i reparti produttivi, l\u2019Ufficio Tecnico e la Qualit\u00e0 supporta il soddisfacimento dei pi\u00f9 complessi requisiti del Cliente, assicurando costanza qualitativa, puntualit\u00e0 nella consegna e reattivit\u00e0 anche per piccole quantit\u00e0 e prime produzioni.\t\t\t\t\t\t\t\t<\/div>\n\t\t\t\t<\/div>\n\t\t\t\t\t<\/div>\n\t\t<\/div>\n\t\t\t\t\t<\/div>\n\t\t<\/section>\n\t\t\t\t<section class=\"elementor-section elementor-inner-section elementor-element elementor-element-dbf192c elementor-section-boxed elementor-section-height-default elementor-section-height-default\" data-id=\"dbf192c\" data-element_type=\"section\" data-settings=\"{&quot;background_background&quot;:&quot;classic&quot;}\">\n\t\t\t\t\t\t\t<div class=\"elementor-background-overlay\"><\/div>\n\t\t\t\t\t\t\t<div class=\"elementor-container elementor-column-gap-default\">\n\t\t\t\t\t<div class=\"elementor-column elementor-col-100 elementor-inner-column elementor-element elementor-element-37e43ea\" data-id=\"37e43ea\" data-element_type=\"column\">\n\t\t\t<div class=\"elementor-widget-wrap\">\n\t\t\t\t\t\t\t<\/div>\n\t\t<\/div>\n\t\t\t\t\t<\/div>\n\t\t<\/section>\n\t\t\t\t\t<\/div>\n\t\t<\/div>\n\t\t\t\t\t<\/div>\n\t\t<\/section>\n\t\t\t\t<\/div>\n\t\t","protected":false},"excerpt":{"rendered":"<p>Produzione Dal 1927 la nostra missione \u00e8 il successo della vostra missione Innovazione e know-how sono i principali punti di forza della nostra capacit&agrave; di realizzare gli equipaggiamenti di nostra progettazione, cos&igrave; come particolari complessi per conto terzi, in conformit&agrave; alle pi&ugrave; rigorose specifiche aeronautiche. Trattiamo l&rsquo;intera gamma di acciai e leghe ad alta resistenza [&hellip;]<\/p>\n","protected":false},"author":1,"featured_media":0,"parent":4195,"menu_order":0,"comment_status":"closed","ping_status":"closed","template":"","meta":{"site-sidebar-layout":"no-sidebar","site-content-layout":"page-builder","ast-site-content-layout":"default","site-content-style":"default","site-sidebar-style":"default","ast-global-header-display":"","ast-banner-title-visibility":"","ast-main-header-display":"","ast-hfb-above-header-display":"","ast-hfb-below-header-display":"","ast-hfb-mobile-header-display":"","site-post-title":"disabled","ast-breadcrumbs-content":"","ast-featured-img":"disabled","footer-sml-layout":"","ast-disable-related-posts":"","theme-transparent-header-meta":"default","adv-header-id-meta":"","stick-header-meta":"","header-above-stick-meta":"","header-main-stick-meta":"","header-below-stick-meta":"","astra-migrate-meta-layouts":"default","ast-page-background-enabled":"default","ast-page-background-meta":{"desktop":{"background-color":"","background-image":"","background-repeat":"repeat","background-position":"center center","background-size":"auto","background-attachment":"scroll","background-type":"","background-media":"","overlay-type":"","overlay-color":"","overlay-opacity":"","overlay-gradient":""},"tablet":{"background-color":"","background-image":"","background-repeat":"repeat","background-position":"center center","background-size":"auto","background-attachment":"scroll","background-type":"","background-media":"","overlay-type":"","overlay-color":"","overlay-opacity":"","overlay-gradient":""},"mobile":{"background-color":"","background-image":"","background-repeat":"repeat","background-position":"center center","background-size":"auto","background-attachment":"scroll","background-type":"","background-media":"","overlay-type":"","overlay-color":"","overlay-opacity":"","overlay-gradient":""}},"ast-content-background-meta":{"desktop":{"background-color":"var(--ast-global-color-5)","background-image":"","background-repeat":"repeat","background-position":"center center","background-size":"auto","background-attachment":"scroll","background-type":"","background-media":"","overlay-type":"","overlay-color":"","overlay-opacity":"","overlay-gradient":""},"tablet":{"background-color":"var(--ast-global-color-5)","background-image":"","background-repeat":"repeat","background-position":"center center","background-size":"auto","background-attachment":"scroll","background-type":"","background-media":"","overlay-type":"","overlay-color":"","overlay-opacity":"","overlay-gradient":""},"mobile":{"background-color":"var(--ast-global-color-5)","background-image":"","background-repeat":"repeat","background-position":"center center","background-size":"auto","background-attachment":"scroll","background-type":"","background-media":"","overlay-type":"","overlay-color":"","overlay-opacity":"","overlay-gradient":""}},"footnotes":""},"class_list":["post-4152","page","type-page","status-publish","hentry"],"yoast_head":"<!-- This site is optimized with the Yoast SEO plugin v26.6 - https:\/\/yoast.com\/wordpress\/plugins\/seo\/ -->\n<title>Produzione: realizzazione di equipaggiamenti aeronautici<\/title>\n<meta name=\"description\" content=\"Innovazione, know-how, capacit\u00e0 di realizzare gli equipaggiamenti di nostra progettazione, cos\u00ec come particolari complessi per conto terzi\" \/>\n<meta name=\"robots\" content=\"index, follow, max-snippet:-1, max-image-preview:large, max-video-preview:-1\" \/>\n<link rel=\"canonical\" href=\"https:\/\/aerea.it\/it\/competenze\/produzione\/\" \/>\n<meta property=\"og:locale\" content=\"it_IT\" \/>\n<meta property=\"og:type\" content=\"article\" \/>\n<meta property=\"og:title\" content=\"Produzione: realizzazione di equipaggiamenti aeronautici\" \/>\n<meta property=\"og:description\" content=\"Innovazione, know-how, capacit\u00e0 di realizzare gli equipaggiamenti di nostra progettazione, cos\u00ec come particolari complessi per conto terzi\" \/>\n<meta property=\"og:url\" content=\"https:\/\/aerea.it\/it\/competenze\/produzione\/\" \/>\n<meta property=\"og:site_name\" content=\"AEREA S.p.A.\" \/>\n<meta property=\"article:modified_time\" content=\"2022-11-28T16:13:00+00:00\" \/>\n<meta name=\"twitter:card\" content=\"summary_large_image\" \/>\n<meta name=\"twitter:label1\" content=\"Tempo di lettura stimato\" \/>\n\t<meta name=\"twitter:data1\" content=\"2 minuti\" \/>\n<script type=\"application\/ld+json\" class=\"yoast-schema-graph\">{\"@context\":\"https:\/\/schema.org\",\"@graph\":[{\"@type\":\"WebPage\",\"@id\":\"https:\/\/aerea.it\/it\/competenze\/produzione\/\",\"url\":\"https:\/\/aerea.it\/it\/competenze\/produzione\/\",\"name\":\"Produzione: realizzazione di equipaggiamenti aeronautici\",\"isPartOf\":{\"@id\":\"https:\/\/aerea.it\/it\/#website\"},\"datePublished\":\"2021-10-26T09:26:14+00:00\",\"dateModified\":\"2022-11-28T16:13:00+00:00\",\"description\":\"Innovazione, know-how, capacit\u00e0 di realizzare gli equipaggiamenti di nostra progettazione, cos\u00ec come particolari complessi per conto terzi\",\"breadcrumb\":{\"@id\":\"https:\/\/aerea.it\/it\/competenze\/produzione\/#breadcrumb\"},\"inLanguage\":\"it-IT\",\"potentialAction\":[{\"@type\":\"ReadAction\",\"target\":[\"https:\/\/aerea.it\/it\/competenze\/produzione\/\"]}]},{\"@type\":\"BreadcrumbList\",\"@id\":\"https:\/\/aerea.it\/it\/competenze\/produzione\/#breadcrumb\",\"itemListElement\":[{\"@type\":\"ListItem\",\"position\":1,\"name\":\"Home\",\"item\":\"https:\/\/aerea.it\/it\/\"},{\"@type\":\"ListItem\",\"position\":2,\"name\":\"Competenze\",\"item\":\"https:\/\/aerea.it\/it\/capabilities\/\"},{\"@type\":\"ListItem\",\"position\":3,\"name\":\"Produzione\"}]},{\"@type\":\"WebSite\",\"@id\":\"https:\/\/aerea.it\/it\/#website\",\"url\":\"https:\/\/aerea.it\/it\/\",\"name\":\"AEREA S.p.A.\",\"description\":\"Since 1927 our mission is the success of your mission\",\"publisher\":{\"@id\":\"https:\/\/aerea.it\/it\/#organization\"},\"potentialAction\":[{\"@type\":\"SearchAction\",\"target\":{\"@type\":\"EntryPoint\",\"urlTemplate\":\"https:\/\/aerea.it\/it\/?s={search_term_string}\"},\"query-input\":{\"@type\":\"PropertyValueSpecification\",\"valueRequired\":true,\"valueName\":\"search_term_string\"}}],\"inLanguage\":\"it-IT\"},{\"@type\":\"Organization\",\"@id\":\"https:\/\/aerea.it\/it\/#organization\",\"name\":\"Aerea S.p.A.\",\"url\":\"https:\/\/aerea.it\/it\/\",\"logo\":{\"@type\":\"ImageObject\",\"inLanguage\":\"it-IT\",\"@id\":\"https:\/\/aerea.it\/it\/#\/schema\/logo\/image\/\",\"url\":\"https:\/\/aerea.it\/wp-content\/uploads\/2021\/09\/cropped-Aerea_logo.png\",\"contentUrl\":\"https:\/\/aerea.it\/wp-content\/uploads\/2021\/09\/cropped-Aerea_logo.png\",\"width\":488,\"height\":168,\"caption\":\"Aerea S.p.A.\"},\"image\":{\"@id\":\"https:\/\/aerea.it\/it\/#\/schema\/logo\/image\/\"}}]}<\/script>\n<!-- \/ Yoast SEO plugin. -->","yoast_head_json":{"title":"Produzione: realizzazione di equipaggiamenti aeronautici","description":"Innovazione, know-how, capacit\u00e0 di realizzare gli equipaggiamenti di nostra progettazione, cos\u00ec come particolari complessi per conto terzi","robots":{"index":"index","follow":"follow","max-snippet":"max-snippet:-1","max-image-preview":"max-image-preview:large","max-video-preview":"max-video-preview:-1"},"canonical":"https:\/\/aerea.it\/it\/competenze\/produzione\/","og_locale":"it_IT","og_type":"article","og_title":"Produzione: realizzazione di equipaggiamenti aeronautici","og_description":"Innovazione, know-how, capacit\u00e0 di realizzare gli equipaggiamenti di nostra progettazione, cos\u00ec come particolari complessi per conto terzi","og_url":"https:\/\/aerea.it\/it\/competenze\/produzione\/","og_site_name":"AEREA S.p.A.","article_modified_time":"2022-11-28T16:13:00+00:00","twitter_card":"summary_large_image","twitter_misc":{"Tempo di lettura stimato":"2 minuti"},"schema":{"@context":"https:\/\/schema.org","@graph":[{"@type":"WebPage","@id":"https:\/\/aerea.it\/it\/competenze\/produzione\/","url":"https:\/\/aerea.it\/it\/competenze\/produzione\/","name":"Produzione: realizzazione di equipaggiamenti aeronautici","isPartOf":{"@id":"https:\/\/aerea.it\/it\/#website"},"datePublished":"2021-10-26T09:26:14+00:00","dateModified":"2022-11-28T16:13:00+00:00","description":"Innovazione, know-how, capacit\u00e0 di realizzare gli equipaggiamenti di nostra progettazione, cos\u00ec come particolari complessi per conto terzi","breadcrumb":{"@id":"https:\/\/aerea.it\/it\/competenze\/produzione\/#breadcrumb"},"inLanguage":"it-IT","potentialAction":[{"@type":"ReadAction","target":["https:\/\/aerea.it\/it\/competenze\/produzione\/"]}]},{"@type":"BreadcrumbList","@id":"https:\/\/aerea.it\/it\/competenze\/produzione\/#breadcrumb","itemListElement":[{"@type":"ListItem","position":1,"name":"Home","item":"https:\/\/aerea.it\/it\/"},{"@type":"ListItem","position":2,"name":"Competenze","item":"https:\/\/aerea.it\/it\/capabilities\/"},{"@type":"ListItem","position":3,"name":"Produzione"}]},{"@type":"WebSite","@id":"https:\/\/aerea.it\/it\/#website","url":"https:\/\/aerea.it\/it\/","name":"AEREA S.p.A.","description":"Since 1927 our mission is the success of your mission","publisher":{"@id":"https:\/\/aerea.it\/it\/#organization"},"potentialAction":[{"@type":"SearchAction","target":{"@type":"EntryPoint","urlTemplate":"https:\/\/aerea.it\/it\/?s={search_term_string}"},"query-input":{"@type":"PropertyValueSpecification","valueRequired":true,"valueName":"search_term_string"}}],"inLanguage":"it-IT"},{"@type":"Organization","@id":"https:\/\/aerea.it\/it\/#organization","name":"Aerea S.p.A.","url":"https:\/\/aerea.it\/it\/","logo":{"@type":"ImageObject","inLanguage":"it-IT","@id":"https:\/\/aerea.it\/it\/#\/schema\/logo\/image\/","url":"https:\/\/aerea.it\/wp-content\/uploads\/2021\/09\/cropped-Aerea_logo.png","contentUrl":"https:\/\/aerea.it\/wp-content\/uploads\/2021\/09\/cropped-Aerea_logo.png","width":488,"height":168,"caption":"Aerea S.p.A."},"image":{"@id":"https:\/\/aerea.it\/it\/#\/schema\/logo\/image\/"}}]}},"_links":{"self":[{"href":"https:\/\/aerea.it\/it\/wp-json\/wp\/v2\/pages\/4152","targetHints":{"allow":["GET"]}}],"collection":[{"href":"https:\/\/aerea.it\/it\/wp-json\/wp\/v2\/pages"}],"about":[{"href":"https:\/\/aerea.it\/it\/wp-json\/wp\/v2\/types\/page"}],"author":[{"embeddable":true,"href":"https:\/\/aerea.it\/it\/wp-json\/wp\/v2\/users\/1"}],"replies":[{"embeddable":true,"href":"https:\/\/aerea.it\/it\/wp-json\/wp\/v2\/comments?post=4152"}],"version-history":[{"count":0,"href":"https:\/\/aerea.it\/it\/wp-json\/wp\/v2\/pages\/4152\/revisions"}],"up":[{"embeddable":true,"href":"https:\/\/aerea.it\/it\/wp-json\/wp\/v2\/pages\/4195"}],"wp:attachment":[{"href":"https:\/\/aerea.it\/it\/wp-json\/wp\/v2\/media?parent=4152"}],"curies":[{"name":"wp","href":"https:\/\/api.w.org\/{rel}","templated":true}]}}