{"id":4195,"date":"2021-10-22T17:42:06","date_gmt":"2021-10-22T15:42:06","guid":{"rendered":"https:\/\/aerea.demowebsite.it\/capabilities\/"},"modified":"2022-11-28T16:59:44","modified_gmt":"2022-11-28T15:59:44","slug":"competenze","status":"publish","type":"page","link":"https:\/\/aerea.it\/it\/competenze\/","title":{"rendered":"Competenze"},"content":{"rendered":"\t\t<div data-elementor-type=\"wp-page\" data-elementor-id=\"4195\" class=\"elementor elementor-4195 elementor-505\" data-elementor-post-type=\"page\">\n\t\t\t\t\t\t<section class=\"elementor-section elementor-top-section elementor-element elementor-element-0c874a9 elementor-section-full_width elementor-section-height-default elementor-section-height-default\" data-id=\"0c874a9\" data-element_type=\"section\" data-settings=\"{&quot;background_background&quot;:&quot;classic&quot;}\">\n\t\t\t\t\t\t\t<div class=\"elementor-background-overlay\"><\/div>\n\t\t\t\t\t\t\t<div class=\"elementor-container elementor-column-gap-default\">\n\t\t\t\t\t<div class=\"elementor-column elementor-col-25 elementor-top-column elementor-element elementor-element-e620b0c elementor-hidden-mobile\" data-id=\"e620b0c\" data-element_type=\"column\">\n\t\t\t<div class=\"elementor-widget-wrap elementor-element-populated\">\n\t\t\t\t\t\t<div class=\"elementor-element elementor-element-7367d93 elementor-widget elementor-widget-spacer\" data-id=\"7367d93\" data-element_type=\"widget\" data-widget_type=\"spacer.default\">\n\t\t\t\t<div class=\"elementor-widget-container\">\n\t\t\t\t\t\t\t<div class=\"elementor-spacer\">\n\t\t\t<div class=\"elementor-spacer-inner\"><\/div>\n\t\t<\/div>\n\t\t\t\t\t\t<\/div>\n\t\t\t\t<\/div>\n\t\t\t\t<div class=\"elementor-element elementor-element-962f0a0 elementor-widget elementor-widget-spacer\" data-id=\"962f0a0\" data-element_type=\"widget\" data-widget_type=\"spacer.default\">\n\t\t\t\t<div class=\"elementor-widget-container\">\n\t\t\t\t\t\t\t<div class=\"elementor-spacer\">\n\t\t\t<div class=\"elementor-spacer-inner\"><\/div>\n\t\t<\/div>\n\t\t\t\t\t\t<\/div>\n\t\t\t\t<\/div>\n\t\t\t\t\t<\/div>\n\t\t<\/div>\n\t\t\t\t<div class=\"elementor-column elementor-col-25 elementor-top-column elementor-element elementor-element-acbe929\" data-id=\"acbe929\" data-element_type=\"column\">\n\t\t\t<div class=\"elementor-widget-wrap elementor-element-populated\">\n\t\t\t\t\t\t<div class=\"elementor-element elementor-element-0593b07 elementor-widget elementor-widget-spacer\" data-id=\"0593b07\" data-element_type=\"widget\" data-widget_type=\"spacer.default\">\n\t\t\t\t<div class=\"elementor-widget-container\">\n\t\t\t\t\t\t\t<div class=\"elementor-spacer\">\n\t\t\t<div class=\"elementor-spacer-inner\"><\/div>\n\t\t<\/div>\n\t\t\t\t\t\t<\/div>\n\t\t\t\t<\/div>\n\t\t\t\t<div class=\"elementor-element elementor-element-82f4185 neutro elementor-widget elementor-widget-heading\" data-id=\"82f4185\" data-element_type=\"widget\" data-widget_type=\"heading.default\">\n\t\t\t\t<div class=\"elementor-widget-container\">\n\t\t\t\t\t<h1 class=\"elementor-heading-title elementor-size-default\">Competenze<\/h1>\t\t\t\t<\/div>\n\t\t\t\t<\/div>\n\t\t\t\t<div class=\"elementor-element elementor-element-52065da norms elementor-widget elementor-widget-heading\" data-id=\"52065da\" data-element_type=\"widget\" data-widget_type=\"heading.default\">\n\t\t\t\t<div class=\"elementor-widget-container\">\n\t\t\t\t\t<h2 class=\"elementor-heading-title elementor-size-default\">Innovazione e know-how<\/h2>\t\t\t\t<\/div>\n\t\t\t\t<\/div>\n\t\t\t\t<div class=\"elementor-element elementor-element-c02c9a2 elementor-widget elementor-widget-spacer\" data-id=\"c02c9a2\" data-element_type=\"widget\" data-widget_type=\"spacer.default\">\n\t\t\t\t<div class=\"elementor-widget-container\">\n\t\t\t\t\t\t\t<div class=\"elementor-spacer\">\n\t\t\t<div class=\"elementor-spacer-inner\"><\/div>\n\t\t<\/div>\n\t\t\t\t\t\t<\/div>\n\t\t\t\t<\/div>\n\t\t\t\t\t<\/div>\n\t\t<\/div>\n\t\t\t\t<div class=\"elementor-column elementor-col-50 elementor-top-column elementor-element elementor-element-71d577c elementor-hidden-mobile\" data-id=\"71d577c\" data-element_type=\"column\">\n\t\t\t<div class=\"elementor-widget-wrap elementor-element-populated\">\n\t\t\t\t\t\t<div class=\"elementor-element elementor-element-ff13949 elementor-widget elementor-widget-spacer\" data-id=\"ff13949\" data-element_type=\"widget\" data-widget_type=\"spacer.default\">\n\t\t\t\t<div class=\"elementor-widget-container\">\n\t\t\t\t\t\t\t<div class=\"elementor-spacer\">\n\t\t\t<div class=\"elementor-spacer-inner\"><\/div>\n\t\t<\/div>\n\t\t\t\t\t\t<\/div>\n\t\t\t\t<\/div>\n\t\t\t\t<div class=\"elementor-element elementor-element-6a95cfc elementor-widget elementor-widget-spacer\" data-id=\"6a95cfc\" data-element_type=\"widget\" data-widget_type=\"spacer.default\">\n\t\t\t\t<div class=\"elementor-widget-container\">\n\t\t\t\t\t\t\t<div class=\"elementor-spacer\">\n\t\t\t<div class=\"elementor-spacer-inner\"><\/div>\n\t\t<\/div>\n\t\t\t\t\t\t<\/div>\n\t\t\t\t<\/div>\n\t\t\t\t\t<\/div>\n\t\t<\/div>\n\t\t\t\t\t<\/div>\n\t\t<\/section>\n\t\t\t\t<section class=\"elementor-section elementor-top-section elementor-element elementor-element-8e3e6eb elementor-section-full_width elementor-section-height-default elementor-section-height-default\" data-id=\"8e3e6eb\" data-element_type=\"section\" data-settings=\"{&quot;background_background&quot;:&quot;classic&quot;}\">\n\t\t\t\t\t\t<div class=\"elementor-container elementor-column-gap-default\">\n\t\t\t\t\t<div class=\"elementor-column elementor-col-33 elementor-top-column elementor-element elementor-element-b78ce8b\" data-id=\"b78ce8b\" data-element_type=\"column\">\n\t\t\t<div class=\"elementor-widget-wrap\">\n\t\t\t\t\t\t\t<\/div>\n\t\t<\/div>\n\t\t\t\t<div class=\"elementor-column elementor-col-33 elementor-top-column elementor-element elementor-element-29807a0\" data-id=\"29807a0\" data-element_type=\"column\">\n\t\t\t<div class=\"elementor-widget-wrap elementor-element-populated\">\n\t\t\t\t\t\t<section class=\"elementor-section elementor-inner-section elementor-element elementor-element-ae89058 elementor-section-full_width elementor-section-height-default elementor-section-height-default\" data-id=\"ae89058\" data-element_type=\"section\">\n\t\t\t\t\t\t<div class=\"elementor-container elementor-column-gap-default\">\n\t\t\t\t\t<div class=\"elementor-column elementor-col-33 elementor-inner-column elementor-element elementor-element-b5de833\" data-id=\"b5de833\" data-element_type=\"column\">\n\t\t\t<div class=\"elementor-widget-wrap elementor-element-populated\">\n\t\t\t\t\t\t<div class=\"elementor-element elementor-element-fb07a7c norms elementor-widget elementor-widget-text-editor\" data-id=\"fb07a7c\" data-element_type=\"widget\" data-widget_type=\"text-editor.default\">\n\t\t\t\t<div class=\"elementor-widget-container\">\n\t\t\t\t\t\t\t\t\tInnovazione e know-how sono i principali punti di forza della nostra capacit\u00e0 di realizzare gli equipaggiamenti di nostra progettazione, cos\u00ec come particolari complessi per conto terzi, in conformit\u00e0 alle pi\u00f9 rigorose specifiche aeronautiche.\t\t\t\t\t\t\t\t<\/div>\n\t\t\t\t<\/div>\n\t\t\t\t\t<\/div>\n\t\t<\/div>\n\t\t\t\t<div class=\"elementor-column elementor-col-33 elementor-inner-column elementor-element elementor-element-0a522e8\" data-id=\"0a522e8\" data-element_type=\"column\">\n\t\t\t<div class=\"elementor-widget-wrap elementor-element-populated\">\n\t\t\t\t\t\t<div class=\"elementor-element elementor-element-3b140d9 norms elementor-widget elementor-widget-text-editor\" data-id=\"3b140d9\" data-element_type=\"widget\" data-widget_type=\"text-editor.default\">\n\t\t\t\t<div class=\"elementor-widget-container\">\n\t\t\t\t\t\t\t\t\tTrattiamo l\u2019intera gamma di acciai e leghe ad alta resistenza tipici per impiego aerospaziale, inclusi maraging, inconel e titanio, quest\u2019ultimo anche con tecnologia additiva.\t\t\t\t\t\t\t\t<\/div>\n\t\t\t\t<\/div>\n\t\t\t\t\t<\/div>\n\t\t<\/div>\n\t\t\t\t<div class=\"elementor-column elementor-col-33 elementor-inner-column elementor-element elementor-element-90f6074\" data-id=\"90f6074\" data-element_type=\"column\">\n\t\t\t<div class=\"elementor-widget-wrap\">\n\t\t\t\t\t\t\t<\/div>\n\t\t<\/div>\n\t\t\t\t\t<\/div>\n\t\t<\/section>\n\t\t\t\t<section class=\"elementor-section elementor-inner-section elementor-element elementor-element-c0559c2 elementor-section-full_width elementor-section-height-default elementor-section-height-default\" data-id=\"c0559c2\" data-element_type=\"section\">\n\t\t\t\t\t\t<div class=\"elementor-container elementor-column-gap-default\">\n\t\t\t\t\t<div class=\"elementor-column elementor-col-100 elementor-inner-column elementor-element elementor-element-536913a\" data-id=\"536913a\" data-element_type=\"column\">\n\t\t\t<div class=\"elementor-widget-wrap elementor-element-populated\">\n\t\t\t\t\t\t<div class=\"elementor-element elementor-element-4f1dd51 elementor-arrows-position-inside elementor-widget elementor-widget-image-carousel\" data-id=\"4f1dd51\" data-element_type=\"widget\" data-settings=\"{&quot;slides_to_show&quot;:&quot;4&quot;,&quot;slides_to_scroll&quot;:&quot;1&quot;,&quot;navigation&quot;:&quot;arrows&quot;,&quot;image_spacing_custom&quot;:{&quot;unit&quot;:&quot;px&quot;,&quot;size&quot;:10,&quot;sizes&quot;:[]},&quot;pause_on_hover&quot;:&quot;no&quot;,&quot;pause_on_interaction&quot;:&quot;no&quot;,&quot;autoplay_speed&quot;:2000,&quot;slides_to_show_tablet&quot;:&quot;2&quot;,&quot;autoplay&quot;:&quot;yes&quot;,&quot;infinite&quot;:&quot;yes&quot;,&quot;speed&quot;:500,&quot;image_spacing_custom_laptop&quot;:{&quot;unit&quot;:&quot;px&quot;,&quot;size&quot;:&quot;&quot;,&quot;sizes&quot;:[]},&quot;image_spacing_custom_tablet&quot;:{&quot;unit&quot;:&quot;px&quot;,&quot;size&quot;:&quot;&quot;,&quot;sizes&quot;:[]},&quot;image_spacing_custom_mobile&quot;:{&quot;unit&quot;:&quot;px&quot;,&quot;size&quot;:&quot;&quot;,&quot;sizes&quot;:[]}}\" data-widget_type=\"image-carousel.default\">\n\t\t\t\t<div class=\"elementor-widget-container\">\n\t\t\t\t\t\t\t<div class=\"elementor-image-carousel-wrapper swiper\" role=\"region\" aria-roledescription=\"carousel\" aria-label=\"Carosello d&#039;immagini\" dir=\"ltr\">\n\t\t\t<div class=\"elementor-image-carousel swiper-wrapper\" aria-live=\"off\">\n\t\t\t\t\t\t\t\t<div class=\"swiper-slide\" role=\"group\" aria-roledescription=\"slide\" aria-label=\"1 di 5\"><figure class=\"swiper-slide-inner\"><img decoding=\"async\" class=\"swiper-slide-image\" src=\"https:\/\/aerea.it\/wp-content\/uploads\/2022\/05\/progettazione_ricerca_tecnologia_servizi.jpg\" alt=\"progettazione_ricerca_tecnologia_servizi\" \/><\/figure><\/div><div class=\"swiper-slide\" role=\"group\" aria-roledescription=\"slide\" aria-label=\"2 di 5\"><figure class=\"swiper-slide-inner\"><img decoding=\"async\" class=\"swiper-slide-image\" src=\"https:\/\/aerea.it\/wp-content\/uploads\/2022\/05\/produzione.jpg\" alt=\"produzione\" \/><\/figure><\/div><div class=\"swiper-slide\" role=\"group\" aria-roledescription=\"slide\" aria-label=\"3 di 5\"><figure class=\"swiper-slide-inner\"><img decoding=\"async\" class=\"swiper-slide-image\" src=\"https:\/\/aerea.it\/wp-content\/uploads\/2022\/05\/btp_bts_servizi.jpg\" alt=\"btp_bts_servizi\" \/><\/figure><\/div><div class=\"swiper-slide\" role=\"group\" aria-roledescription=\"slide\" aria-label=\"4 di 5\"><figure class=\"swiper-slide-inner\"><img decoding=\"async\" class=\"swiper-slide-image\" src=\"https:\/\/aerea.it\/wp-content\/uploads\/2022\/05\/ils-and-mroeu_servizi.jpg\" alt=\"ils-and-mroeu_servizi\" \/><\/figure><\/div><div class=\"swiper-slide\" role=\"group\" aria-roledescription=\"slide\" aria-label=\"5 di 5\"><figure class=\"swiper-slide-inner\"><img decoding=\"async\" class=\"swiper-slide-image\" src=\"https:\/\/aerea.it\/wp-content\/uploads\/2022\/05\/tecnologia_additiva.jpg\" alt=\"tecnologia_additiva\" \/><\/figure><\/div>\t\t\t<\/div>\n\t\t\t\t\t\t\t\t\t\t\t\t<div class=\"elementor-swiper-button elementor-swiper-button-prev\" role=\"button\" tabindex=\"0\">\n\t\t\t\t\t\t<i aria-hidden=\"true\" class=\"eicon-chevron-left\"><\/i>\t\t\t\t\t<\/div>\n\t\t\t\t\t<div class=\"elementor-swiper-button elementor-swiper-button-next\" role=\"button\" tabindex=\"0\">\n\t\t\t\t\t\t<i aria-hidden=\"true\" class=\"eicon-chevron-right\"><\/i>\t\t\t\t\t<\/div>\n\t\t\t\t\n\t\t\t\t\t\t\t\t\t<\/div>\n\t\t\t\t\t\t<\/div>\n\t\t\t\t<\/div>\n\t\t\t\t\t<\/div>\n\t\t<\/div>\n\t\t\t\t\t<\/div>\n\t\t<\/section>\n\t\t\t\t\t<\/div>\n\t\t<\/div>\n\t\t\t\t<div class=\"elementor-column elementor-col-33 elementor-top-column elementor-element elementor-element-7025045\" data-id=\"7025045\" data-element_type=\"column\">\n\t\t\t<div class=\"elementor-widget-wrap\">\n\t\t\t\t\t\t\t<\/div>\n\t\t<\/div>\n\t\t\t\t\t<\/div>\n\t\t<\/section>\n\t\t\t\t<\/div>\n\t\t","protected":false},"excerpt":{"rendered":"<p>Competenze Innovazione e know-how Innovazione e know-how sono i principali punti di forza della nostra capacit\u00e0 di realizzare gli equipaggiamenti di nostra progettazione, cos\u00ec come particolari complessi per conto terzi, in conformit\u00e0 alle pi\u00f9 rigorose specifiche aeronautiche.Trattiamo l\u2019intera gamma di acciai e leghe ad alta resistenza tipici per impiego aerospaziale, inclusi maraging, inconel e titanio, [&hellip;]<\/p>\n","protected":false},"author":1,"featured_media":0,"parent":0,"menu_order":0,"comment_status":"closed","ping_status":"closed","template":"","meta":{"site-sidebar-layout":"no-sidebar","site-content-layout":"page-builder","ast-site-content-layout":"default","site-content-style":"default","site-sidebar-style":"default","ast-global-header-display":"","ast-banner-title-visibility":"","ast-main-header-display":"","ast-hfb-above-header-display":"","ast-hfb-below-header-display":"","ast-hfb-mobile-header-display":"","site-post-title":"disabled","ast-breadcrumbs-content":"","ast-featured-img":"disabled","footer-sml-layout":"","ast-disable-related-posts":"","theme-transparent-header-meta":"default","adv-header-id-meta":"","stick-header-meta":"","header-above-stick-meta":"","header-main-stick-meta":"","header-below-stick-meta":"","astra-migrate-meta-layouts":"default","ast-page-background-enabled":"default","ast-page-background-meta":{"desktop":{"background-color":"","background-image":"","background-repeat":"repeat","background-position":"center center","background-size":"auto","background-attachment":"scroll","background-type":"","background-media":"","overlay-type":"","overlay-color":"","overlay-opacity":"","overlay-gradient":""},"tablet":{"background-color":"","background-image":"","background-repeat":"repeat","background-position":"center center","background-size":"auto","background-attachment":"scroll","background-type":"","background-media":"","overlay-type":"","overlay-color":"","overlay-opacity":"","overlay-gradient":""},"mobile":{"background-color":"","background-image":"","background-repeat":"repeat","background-position":"center center","background-size":"auto","background-attachment":"scroll","background-type":"","background-media":"","overlay-type":"","overlay-color":"","overlay-opacity":"","overlay-gradient":""}},"ast-content-background-meta":{"desktop":{"background-color":"var(--ast-global-color-5)","background-image":"","background-repeat":"repeat","background-position":"center center","background-size":"auto","background-attachment":"scroll","background-type":"","background-media":"","overlay-type":"","overlay-color":"","overlay-opacity":"","overlay-gradient":""},"tablet":{"background-color":"var(--ast-global-color-5)","background-image":"","background-repeat":"repeat","background-position":"center center","background-size":"auto","background-attachment":"scroll","background-type":"","background-media":"","overlay-type":"","overlay-color":"","overlay-opacity":"","overlay-gradient":""},"mobile":{"background-color":"var(--ast-global-color-5)","background-image":"","background-repeat":"repeat","background-position":"center center","background-size":"auto","background-attachment":"scroll","background-type":"","background-media":"","overlay-type":"","overlay-color":"","overlay-opacity":"","overlay-gradient":""}},"footnotes":""},"class_list":["post-4195","page","type-page","status-publish","hentry"],"yoast_head":"<!-- This site is optimized with the Yoast SEO plugin v26.6 - https:\/\/yoast.com\/wordpress\/plugins\/seo\/ -->\n<title>AEREA Competenze: dalle fasi di sviluppo all\u2019assistenza post-produzione<\/title>\n<meta name=\"description\" content=\"Competenze: progettazione, ricerca e tecnologia, produzione, Build-To-Print\/Build-To-Spec, tecnologia additiva, ILS e MRO&amp;U.\" \/>\n<meta name=\"robots\" content=\"index, follow, max-snippet:-1, max-image-preview:large, max-video-preview:-1\" \/>\n<link rel=\"canonical\" href=\"https:\/\/aerea.it\/it\/competenze\/\" \/>\n<meta property=\"og:locale\" content=\"it_IT\" \/>\n<meta property=\"og:type\" content=\"article\" \/>\n<meta property=\"og:title\" content=\"AEREA Competenze: dalle fasi di sviluppo all\u2019assistenza post-produzione\" \/>\n<meta property=\"og:description\" content=\"Competenze: progettazione, ricerca e tecnologia, produzione, Build-To-Print\/Build-To-Spec, tecnologia additiva, ILS e MRO&amp;U.\" \/>\n<meta property=\"og:url\" content=\"https:\/\/aerea.it\/it\/competenze\/\" \/>\n<meta property=\"og:site_name\" content=\"AEREA S.p.A.\" \/>\n<meta property=\"article:modified_time\" content=\"2022-11-28T15:59:44+00:00\" \/>\n<meta property=\"og:image\" content=\"https:\/\/aerea.it\/wp-content\/uploads\/2022\/05\/progettazione_ricerca_tecnologia_servizi.jpg\" \/>\n<meta name=\"twitter:card\" content=\"summary_large_image\" \/>\n<meta name=\"twitter:label1\" content=\"Tempo di lettura stimato\" \/>\n\t<meta name=\"twitter:data1\" content=\"3 minuti\" \/>\n<script type=\"application\/ld+json\" class=\"yoast-schema-graph\">{\"@context\":\"https:\/\/schema.org\",\"@graph\":[{\"@type\":\"WebPage\",\"@id\":\"https:\/\/aerea.it\/it\/competenze\/\",\"url\":\"https:\/\/aerea.it\/it\/competenze\/\",\"name\":\"AEREA Competenze: dalle fasi di sviluppo all\u2019assistenza post-produzione\",\"isPartOf\":{\"@id\":\"https:\/\/aerea.it\/it\/#website\"},\"primaryImageOfPage\":{\"@id\":\"https:\/\/aerea.it\/it\/competenze\/#primaryimage\"},\"image\":{\"@id\":\"https:\/\/aerea.it\/it\/competenze\/#primaryimage\"},\"thumbnailUrl\":\"https:\/\/aerea.it\/wp-content\/uploads\/2022\/05\/progettazione_ricerca_tecnologia_servizi.jpg\",\"datePublished\":\"2021-10-22T15:42:06+00:00\",\"dateModified\":\"2022-11-28T15:59:44+00:00\",\"description\":\"Competenze: progettazione, ricerca e tecnologia, produzione, Build-To-Print\/Build-To-Spec, tecnologia additiva, ILS e MRO&U.\",\"breadcrumb\":{\"@id\":\"https:\/\/aerea.it\/it\/competenze\/#breadcrumb\"},\"inLanguage\":\"it-IT\",\"potentialAction\":[{\"@type\":\"ReadAction\",\"target\":[\"https:\/\/aerea.it\/it\/competenze\/\"]}]},{\"@type\":\"ImageObject\",\"inLanguage\":\"it-IT\",\"@id\":\"https:\/\/aerea.it\/it\/competenze\/#primaryimage\",\"url\":\"https:\/\/aerea.it\/wp-content\/uploads\/2022\/05\/progettazione_ricerca_tecnologia_servizi.jpg\",\"contentUrl\":\"https:\/\/aerea.it\/wp-content\/uploads\/2022\/05\/progettazione_ricerca_tecnologia_servizi.jpg\"},{\"@type\":\"BreadcrumbList\",\"@id\":\"https:\/\/aerea.it\/it\/competenze\/#breadcrumb\",\"itemListElement\":[{\"@type\":\"ListItem\",\"position\":1,\"name\":\"Home\",\"item\":\"https:\/\/aerea.it\/it\/\"},{\"@type\":\"ListItem\",\"position\":2,\"name\":\"Competenze\"}]},{\"@type\":\"WebSite\",\"@id\":\"https:\/\/aerea.it\/it\/#website\",\"url\":\"https:\/\/aerea.it\/it\/\",\"name\":\"AEREA S.p.A.\",\"description\":\"Since 1927 our mission is the success of your mission\",\"publisher\":{\"@id\":\"https:\/\/aerea.it\/it\/#organization\"},\"potentialAction\":[{\"@type\":\"SearchAction\",\"target\":{\"@type\":\"EntryPoint\",\"urlTemplate\":\"https:\/\/aerea.it\/it\/?s={search_term_string}\"},\"query-input\":{\"@type\":\"PropertyValueSpecification\",\"valueRequired\":true,\"valueName\":\"search_term_string\"}}],\"inLanguage\":\"it-IT\"},{\"@type\":\"Organization\",\"@id\":\"https:\/\/aerea.it\/it\/#organization\",\"name\":\"Aerea S.p.A.\",\"url\":\"https:\/\/aerea.it\/it\/\",\"logo\":{\"@type\":\"ImageObject\",\"inLanguage\":\"it-IT\",\"@id\":\"https:\/\/aerea.it\/it\/#\/schema\/logo\/image\/\",\"url\":\"https:\/\/aerea.it\/wp-content\/uploads\/2021\/09\/cropped-Aerea_logo.png\",\"contentUrl\":\"https:\/\/aerea.it\/wp-content\/uploads\/2021\/09\/cropped-Aerea_logo.png\",\"width\":488,\"height\":168,\"caption\":\"Aerea S.p.A.\"},\"image\":{\"@id\":\"https:\/\/aerea.it\/it\/#\/schema\/logo\/image\/\"}}]}<\/script>\n<!-- \/ Yoast SEO plugin. -->","yoast_head_json":{"title":"AEREA Competenze: dalle fasi di sviluppo all\u2019assistenza post-produzione","description":"Competenze: progettazione, ricerca e tecnologia, produzione, Build-To-Print\/Build-To-Spec, tecnologia additiva, ILS e MRO&U.","robots":{"index":"index","follow":"follow","max-snippet":"max-snippet:-1","max-image-preview":"max-image-preview:large","max-video-preview":"max-video-preview:-1"},"canonical":"https:\/\/aerea.it\/it\/competenze\/","og_locale":"it_IT","og_type":"article","og_title":"AEREA Competenze: dalle fasi di sviluppo all\u2019assistenza post-produzione","og_description":"Competenze: progettazione, ricerca e tecnologia, produzione, Build-To-Print\/Build-To-Spec, tecnologia additiva, ILS e MRO&U.","og_url":"https:\/\/aerea.it\/it\/competenze\/","og_site_name":"AEREA S.p.A.","article_modified_time":"2022-11-28T15:59:44+00:00","og_image":[{"url":"https:\/\/aerea.it\/wp-content\/uploads\/2022\/05\/progettazione_ricerca_tecnologia_servizi.jpg","type":"","width":"","height":""}],"twitter_card":"summary_large_image","twitter_misc":{"Tempo di lettura stimato":"3 minuti"},"schema":{"@context":"https:\/\/schema.org","@graph":[{"@type":"WebPage","@id":"https:\/\/aerea.it\/it\/competenze\/","url":"https:\/\/aerea.it\/it\/competenze\/","name":"AEREA Competenze: dalle fasi di sviluppo all\u2019assistenza post-produzione","isPartOf":{"@id":"https:\/\/aerea.it\/it\/#website"},"primaryImageOfPage":{"@id":"https:\/\/aerea.it\/it\/competenze\/#primaryimage"},"image":{"@id":"https:\/\/aerea.it\/it\/competenze\/#primaryimage"},"thumbnailUrl":"https:\/\/aerea.it\/wp-content\/uploads\/2022\/05\/progettazione_ricerca_tecnologia_servizi.jpg","datePublished":"2021-10-22T15:42:06+00:00","dateModified":"2022-11-28T15:59:44+00:00","description":"Competenze: progettazione, ricerca e tecnologia, produzione, Build-To-Print\/Build-To-Spec, tecnologia additiva, ILS e MRO&U.","breadcrumb":{"@id":"https:\/\/aerea.it\/it\/competenze\/#breadcrumb"},"inLanguage":"it-IT","potentialAction":[{"@type":"ReadAction","target":["https:\/\/aerea.it\/it\/competenze\/"]}]},{"@type":"ImageObject","inLanguage":"it-IT","@id":"https:\/\/aerea.it\/it\/competenze\/#primaryimage","url":"https:\/\/aerea.it\/wp-content\/uploads\/2022\/05\/progettazione_ricerca_tecnologia_servizi.jpg","contentUrl":"https:\/\/aerea.it\/wp-content\/uploads\/2022\/05\/progettazione_ricerca_tecnologia_servizi.jpg"},{"@type":"BreadcrumbList","@id":"https:\/\/aerea.it\/it\/competenze\/#breadcrumb","itemListElement":[{"@type":"ListItem","position":1,"name":"Home","item":"https:\/\/aerea.it\/it\/"},{"@type":"ListItem","position":2,"name":"Competenze"}]},{"@type":"WebSite","@id":"https:\/\/aerea.it\/it\/#website","url":"https:\/\/aerea.it\/it\/","name":"AEREA S.p.A.","description":"Since 1927 our mission is the success of your mission","publisher":{"@id":"https:\/\/aerea.it\/it\/#organization"},"potentialAction":[{"@type":"SearchAction","target":{"@type":"EntryPoint","urlTemplate":"https:\/\/aerea.it\/it\/?s={search_term_string}"},"query-input":{"@type":"PropertyValueSpecification","valueRequired":true,"valueName":"search_term_string"}}],"inLanguage":"it-IT"},{"@type":"Organization","@id":"https:\/\/aerea.it\/it\/#organization","name":"Aerea S.p.A.","url":"https:\/\/aerea.it\/it\/","logo":{"@type":"ImageObject","inLanguage":"it-IT","@id":"https:\/\/aerea.it\/it\/#\/schema\/logo\/image\/","url":"https:\/\/aerea.it\/wp-content\/uploads\/2021\/09\/cropped-Aerea_logo.png","contentUrl":"https:\/\/aerea.it\/wp-content\/uploads\/2021\/09\/cropped-Aerea_logo.png","width":488,"height":168,"caption":"Aerea S.p.A."},"image":{"@id":"https:\/\/aerea.it\/it\/#\/schema\/logo\/image\/"}}]}},"_links":{"self":[{"href":"https:\/\/aerea.it\/it\/wp-json\/wp\/v2\/pages\/4195","targetHints":{"allow":["GET"]}}],"collection":[{"href":"https:\/\/aerea.it\/it\/wp-json\/wp\/v2\/pages"}],"about":[{"href":"https:\/\/aerea.it\/it\/wp-json\/wp\/v2\/types\/page"}],"author":[{"embeddable":true,"href":"https:\/\/aerea.it\/it\/wp-json\/wp\/v2\/users\/1"}],"replies":[{"embeddable":true,"href":"https:\/\/aerea.it\/it\/wp-json\/wp\/v2\/comments?post=4195"}],"version-history":[{"count":0,"href":"https:\/\/aerea.it\/it\/wp-json\/wp\/v2\/pages\/4195\/revisions"}],"wp:attachment":[{"href":"https:\/\/aerea.it\/it\/wp-json\/wp\/v2\/media?parent=4195"}],"curies":[{"name":"wp","href":"https:\/\/api.w.org\/{rel}","templated":true}]}}