{"id":4256,"date":"2021-12-02T11:53:51","date_gmt":"2021-12-02T10:53:51","guid":{"rendered":"https:\/\/aerea.demowebsite.it\/prodotti\/pneumatic-light-duty-ejector-release-unit\/"},"modified":"2025-03-31T10:09:31","modified_gmt":"2025-03-31T08:09:31","slug":"pneumatic-light-duty-ejector-release-unit","status":"publish","type":"page","link":"https:\/\/aerea.it\/it\/prodotti\/pneumatic-light-duty-ejector-release-unit\/","title":{"rendered":"PLDERU"},"content":{"rendered":"\t\t<div data-elementor-type=\"wp-page\" data-elementor-id=\"4256\" class=\"elementor elementor-4256 elementor-1935\" data-elementor-post-type=\"page\">\n\t\t\t\t\t\t<section class=\"elementor-section elementor-top-section elementor-element elementor-element-e133500 elementor-section-full_width elementor-section-height-default elementor-section-height-default\" data-id=\"e133500\" data-element_type=\"section\">\n\t\t\t\t\t\t<div class=\"elementor-container elementor-column-gap-default\">\n\t\t\t\t\t<div class=\"elementor-column elementor-col-50 elementor-top-column elementor-element elementor-element-38cc772 intprod\" data-id=\"38cc772\" data-element_type=\"column\" data-settings=\"{&quot;background_background&quot;:&quot;classic&quot;}\">\n\t\t\t<div class=\"elementor-widget-wrap elementor-element-populated\">\n\t\t\t\t\t\t<section class=\"elementor-section elementor-inner-section elementor-element elementor-element-1d15c41 elementor-section-boxed elementor-section-height-default elementor-section-height-default\" data-id=\"1d15c41\" data-element_type=\"section\">\n\t\t\t\t\t\t<div class=\"elementor-container elementor-column-gap-default\">\n\t\t\t\t\t<div class=\"elementor-column elementor-col-33 elementor-inner-column elementor-element elementor-element-460de25\" data-id=\"460de25\" data-element_type=\"column\">\n\t\t\t<div class=\"elementor-widget-wrap\">\n\t\t\t\t\t\t\t<\/div>\n\t\t<\/div>\n\t\t\t\t<div class=\"elementor-column elementor-col-33 elementor-inner-column elementor-element elementor-element-93917d9\" data-id=\"93917d9\" data-element_type=\"column\">\n\t\t\t<div class=\"elementor-widget-wrap elementor-element-populated\">\n\t\t\t\t\t\t<div class=\"elementor-element elementor-element-34f5f90 neutro elementor-widget elementor-widget-heading\" data-id=\"34f5f90\" data-element_type=\"widget\" data-widget_type=\"heading.default\">\n\t\t\t\t<div class=\"elementor-widget-container\">\n\t\t\t\t\t<h1 class=\"elementor-heading-title elementor-size-default\">PLDERU<\/h1>\t\t\t\t<\/div>\n\t\t\t\t<\/div>\n\t\t\t\t<div class=\"elementor-element elementor-element-680af7c norms elementor-widget elementor-widget-heading\" data-id=\"680af7c\" data-element_type=\"widget\" data-widget_type=\"heading.default\">\n\t\t\t\t<div class=\"elementor-widget-container\">\n\t\t\t\t\t<h2 class=\"elementor-heading-title elementor-size-default\">Pneumatic Light Duty Ejector Release Unit<\/h2>\t\t\t\t<\/div>\n\t\t\t\t<\/div>\n\t\t\t\t<div class=\"elementor-element elementor-element-3f4e175 spaceintprod elementor-widget elementor-widget-spacer\" data-id=\"3f4e175\" data-element_type=\"widget\" data-widget_type=\"spacer.default\">\n\t\t\t\t<div class=\"elementor-widget-container\">\n\t\t\t\t\t\t\t<div class=\"elementor-spacer\">\n\t\t\t<div class=\"elementor-spacer-inner\"><\/div>\n\t\t<\/div>\n\t\t\t\t\t\t<\/div>\n\t\t\t\t<\/div>\n\t\t\t\t<div class=\"elementor-element elementor-element-9c81bb8 justify elementor-widget elementor-widget-text-editor\" data-id=\"9c81bb8\" data-element_type=\"widget\" data-widget_type=\"text-editor.default\">\n\t\t\t\t<div class=\"elementor-widget-container\">\n\t\t\t\t\t\t\t\t\t<p>PLDERU \u00e8 un travetto leggero da 14\u201d ad eiezione pneumatica ad elevate prestazioni, basato sull\u2019impiego di una elettrovalvola pneumatica ad alta velocit\u00e0, completamente sviluppata da AEREA ed alimentata da un doppio circuito elettrico ridondante. Il PLDERU \u00e8 completato da un serbatoio d&#8217;aria compressa integrato nella struttura.<\/p>\t\t\t\t\t\t\t\t<\/div>\n\t\t\t\t<\/div>\n\t\t\t\t\t<\/div>\n\t\t<\/div>\n\t\t\t\t<div class=\"elementor-column elementor-col-33 elementor-inner-column elementor-element elementor-element-e3369b8\" data-id=\"e3369b8\" data-element_type=\"column\">\n\t\t\t<div class=\"elementor-widget-wrap\">\n\t\t\t\t\t\t\t<\/div>\n\t\t<\/div>\n\t\t\t\t\t<\/div>\n\t\t<\/section>\n\t\t\t\t\t<\/div>\n\t\t<\/div>\n\t\t\t\t<div class=\"elementor-column elementor-col-50 elementor-top-column elementor-element elementor-element-2d34266\" data-id=\"2d34266\" data-element_type=\"column\" data-settings=\"{&quot;background_background&quot;:&quot;slideshow&quot;,&quot;background_slideshow_gallery&quot;:[{&quot;id&quot;:1899,&quot;url&quot;:&quot;https:\\\/\\\/aerea.it\\\/wp-content\\\/uploads\\\/2021\\\/12\\\/PLDERU.png&quot;},{&quot;id&quot;:1898,&quot;url&quot;:&quot;https:\\\/\\\/aerea.it\\\/wp-content\\\/uploads\\\/2021\\\/12\\\/PLDERU-2.png&quot;}],&quot;background_slideshow_slide_duration&quot;:2000,&quot;background_slideshow_loop&quot;:&quot;yes&quot;,&quot;background_slideshow_slide_transition&quot;:&quot;fade&quot;,&quot;background_slideshow_transition_duration&quot;:500}\">\n\t\t\t<div class=\"elementor-widget-wrap elementor-element-populated\">\n\t\t\t\t\t\t<div class=\"elementor-element elementor-element-7cd5bb9 elementor-hidden-desktop elementor-widget elementor-widget-spacer\" data-id=\"7cd5bb9\" data-element_type=\"widget\" data-widget_type=\"spacer.default\">\n\t\t\t\t<div class=\"elementor-widget-container\">\n\t\t\t\t\t\t\t<div class=\"elementor-spacer\">\n\t\t\t<div class=\"elementor-spacer-inner\"><\/div>\n\t\t<\/div>\n\t\t\t\t\t\t<\/div>\n\t\t\t\t<\/div>\n\t\t\t\t<div class=\"elementor-element elementor-element-111c5f0 elementor-widget__width-auto elementor-absolute elementor-hidden-tablet elementor-hidden-mobile elementor-widget elementor-widget-image\" data-id=\"111c5f0\" data-element_type=\"widget\" data-settings=\"{&quot;_position&quot;:&quot;absolute&quot;}\" data-widget_type=\"image.default\">\n\t\t\t\t<div class=\"elementor-widget-container\">\n\t\t\t\t\t\t\t\t\t\t\t\t\t\t\t<img fetchpriority=\"high\" decoding=\"async\" width=\"152\" height=\"770\" src=\"https:\/\/aerea.it\/wp-content\/uploads\/2021\/12\/diagonale_v.png\" class=\"attachment-large size-large wp-image-4039\" alt=\"\" srcset=\"https:\/\/aerea.it\/wp-content\/uploads\/2021\/12\/diagonale_v.png 152w, https:\/\/aerea.it\/wp-content\/uploads\/2021\/12\/diagonale_v-59x300.png 59w\" sizes=\"(max-width: 152px) 100vw, 152px\" \/>\t\t\t\t\t\t\t\t\t\t\t\t\t\t\t<\/div>\n\t\t\t\t<\/div>\n\t\t\t\t\t<\/div>\n\t\t<\/div>\n\t\t\t\t\t<\/div>\n\t\t<\/section>\n\t\t\t\t<section class=\"elementor-section elementor-top-section elementor-element elementor-element-5e57883 elementor-section-boxed elementor-section-height-default elementor-section-height-default\" data-id=\"5e57883\" data-element_type=\"section\" data-settings=\"{&quot;background_background&quot;:&quot;classic&quot;}\">\n\t\t\t\t\t\t<div class=\"elementor-container elementor-column-gap-default\">\n\t\t\t\t\t<div class=\"elementor-column elementor-col-100 elementor-top-column elementor-element elementor-element-be30dbd\" data-id=\"be30dbd\" data-element_type=\"column\">\n\t\t\t<div class=\"elementor-widget-wrap elementor-element-populated\">\n\t\t\t\t\t\t<div class=\"elementor-element elementor-element-6eb7231 elementor-widget elementor-widget-spacer\" data-id=\"6eb7231\" data-element_type=\"widget\" data-widget_type=\"spacer.default\">\n\t\t\t\t<div class=\"elementor-widget-container\">\n\t\t\t\t\t\t\t<div class=\"elementor-spacer\">\n\t\t\t<div class=\"elementor-spacer-inner\"><\/div>\n\t\t<\/div>\n\t\t\t\t\t\t<\/div>\n\t\t\t\t<\/div>\n\t\t\t\t\t<\/div>\n\t\t<\/div>\n\t\t\t\t\t<\/div>\n\t\t<\/section>\n\t\t\t\t<section class=\"elementor-section elementor-top-section elementor-element elementor-element-92cd539 elementor-section-full_width elementor-section-height-default elementor-section-height-default\" data-id=\"92cd539\" data-element_type=\"section\" data-settings=\"{&quot;background_background&quot;:&quot;classic&quot;}\">\n\t\t\t\t\t\t\t<div class=\"elementor-background-overlay\"><\/div>\n\t\t\t\t\t\t\t<div class=\"elementor-container elementor-column-gap-default\">\n\t\t\t\t\t<div class=\"elementor-column elementor-col-25 elementor-top-column elementor-element elementor-element-cdc595f\" data-id=\"cdc595f\" data-element_type=\"column\">\n\t\t\t<div class=\"elementor-widget-wrap\">\n\t\t\t\t\t\t\t<\/div>\n\t\t<\/div>\n\t\t\t\t<div class=\"elementor-column elementor-col-25 elementor-top-column elementor-element elementor-element-016cc0b\" data-id=\"016cc0b\" data-element_type=\"column\">\n\t\t\t<div class=\"elementor-widget-wrap elementor-element-populated\">\n\t\t\t\t\t\t<div class=\"elementor-element elementor-element-1b72feb elementor-widget elementor-widget-heading\" data-id=\"1b72feb\" data-element_type=\"widget\" data-widget_type=\"heading.default\">\n\t\t\t\t<div class=\"elementor-widget-container\">\n\t\t\t\t\t<h3 class=\"elementor-heading-title elementor-size-default\">DESCRIZIONE<\/h3>\t\t\t\t<\/div>\n\t\t\t\t<\/div>\n\t\t\t\t<div class=\"elementor-element elementor-element-5fd1af2 justify elementor-widget elementor-widget-text-editor\" data-id=\"5fd1af2\" data-element_type=\"widget\" data-widget_type=\"text-editor.default\">\n\t\t\t\t<div class=\"elementor-widget-container\">\n\t\t\t\t\t\t\t\t\t<p>Rispetto alla soluzione pirotecnica, la tecnologia pneumatica consente una notevole riduzione del costo di esercizio grazie alla elevata affidabilit\u00e0 e ai minori requisiti manutentivi periodici, non necessitando di pulizia post-sgancio. Il sistema garantisce l\u2019assoluta ripetibilit\u00e0 delle prestazioni e riduce le reazioni affaticanti verso la struttura dell&#8217;aeromobile. <\/p>\n\n\nIl travetto pneumatico PLDERU riprende i requisiti dei programmi pi\u00f9 avanzati:<br>\n\u00ad\t&#8211; ripartizione fronte\/retro della forza eiettiva regolabile per massimizzare l\u2019inviluppo di volo e la separazione sicura di un\u2019ampia panoplia di carichi:<br>\n\u00ad\t&#8211; dispositivo di armamento tipo \u201czero retention force\u201d, con connettori SSD e \u201cstrong point\u201d:<br>\n\u00ad\t&#8211; sistemi automatici di aggancio \/ sgancio e precarico, gestibili dall\u2019armiere agendo su un unico punto operativo, a vantaggio della sicurezza e della semplicit\u00e0 delle operazioni a terra.\n\t\t\t\t\t\t\t\t<\/div>\n\t\t\t\t<\/div>\n\t\t\t\t\t<\/div>\n\t\t<\/div>\n\t\t\t\t<div class=\"elementor-column elementor-col-25 elementor-top-column elementor-element elementor-element-06cd34b\" data-id=\"06cd34b\" data-element_type=\"column\" data-settings=\"{&quot;background_background&quot;:&quot;classic&quot;}\">\n\t\t\t<div class=\"elementor-widget-wrap elementor-element-populated\">\n\t\t\t\t\t\t<div class=\"elementor-element elementor-element-5c79e77 justify elementor-widget elementor-widget-text-editor\" data-id=\"5c79e77\" data-element_type=\"widget\" data-widget_type=\"text-editor.default\">\n\t\t\t\t<div class=\"elementor-widget-container\">\n\t\t\t\t\t\t\t\t\t<p>PLDERU \u00e8 ideale per tutti i velivoli da appoggio tattico e addestramento avanzato, incluse le piattaforme pi\u00f9 moderne nelle varianti da combattimento leggero, come M346FA, ed \u00e8 predisposto per futuri aggiornamenti quali l\u2019integrazione di sensori per la digitalizzazione dell&#8217;interfaccia tra l&#8217;aeromobile e i carichi.<\/p>\t\t\t\t\t\t\t\t<\/div>\n\t\t\t\t<\/div>\n\t\t\t\t<div class=\"elementor-element elementor-element-a0eefd9 elementor-widget elementor-widget-heading\" data-id=\"a0eefd9\" data-element_type=\"widget\" data-widget_type=\"heading.default\">\n\t\t\t\t<div class=\"elementor-widget-container\">\n\t\t\t\t\t<h3 class=\"elementor-heading-title elementor-size-default\">CARATTERISTICHE<\/h3>\t\t\t\t<\/div>\n\t\t\t\t<\/div>\n\t\t\t\t<div class=\"elementor-element elementor-element-88537fa justify elementor-widget elementor-widget-text-editor\" data-id=\"88537fa\" data-element_type=\"widget\" data-widget_type=\"text-editor.default\">\n\t\t\t\t<div class=\"elementor-widget-container\">\n\t\t\t\t\t\t\t\t\t<strong>Dimensioni di Massima:<\/strong> (L) 613 mm, (Body W) 56 mm<br>\n<strong>Peso:<\/strong> 17 Kg<br>\n<strong>Diametro dei Carichi:<\/strong> from 200 mm to 550 mm<br>\n<strong>Classe:<\/strong> 1.000 lbs (ganci da 14\u201d)<br>\n<strong>Interfaccia Meccanica<\/strong>: in accordo alla MIL-STD-8591<br>\n<strong>Interfaccia Elettrica:<\/strong> cablaggio con connettore tipo M24308-04-3F\t\t\t\t\t\t\t\t<\/div>\n\t\t\t\t<\/div>\n\t\t\t\t\t<\/div>\n\t\t<\/div>\n\t\t\t\t<div class=\"elementor-column elementor-col-25 elementor-top-column elementor-element elementor-element-cac7808\" data-id=\"cac7808\" data-element_type=\"column\">\n\t\t\t<div class=\"elementor-widget-wrap\">\n\t\t\t\t\t\t\t<\/div>\n\t\t<\/div>\n\t\t\t\t\t<\/div>\n\t\t<\/section>\n\t\t\t\t<\/div>\n\t\t","protected":false},"excerpt":{"rendered":"<p>PLDERU Pneumatic Light Duty Ejector Release Unit PLDERU \u00e8 un travetto leggero da 14\u201d ad eiezione pneumatica ad elevate prestazioni, basato sull\u2019impiego di una elettrovalvola pneumatica ad alta velocit\u00e0, completamente sviluppata da AEREA ed alimentata da un doppio circuito elettrico ridondante. Il PLDERU \u00e8 completato da un serbatoio d&#8217;aria compressa integrato nella struttura. DESCRIZIONE Rispetto [&hellip;]<\/p>\n","protected":false},"author":1,"featured_media":0,"parent":4188,"menu_order":0,"comment_status":"closed","ping_status":"closed","template":"","meta":{"site-sidebar-layout":"no-sidebar","site-content-layout":"page-builder","ast-site-content-layout":"default","site-content-style":"default","site-sidebar-style":"default","ast-global-header-display":"","ast-banner-title-visibility":"","ast-main-header-display":"","ast-hfb-above-header-display":"","ast-hfb-below-header-display":"","ast-hfb-mobile-header-display":"","site-post-title":"disabled","ast-breadcrumbs-content":"","ast-featured-img":"disabled","footer-sml-layout":"","ast-disable-related-posts":"","theme-transparent-header-meta":"default","adv-header-id-meta":"","stick-header-meta":"","header-above-stick-meta":"","header-main-stick-meta":"","header-below-stick-meta":"","astra-migrate-meta-layouts":"default","ast-page-background-enabled":"default","ast-page-background-meta":{"desktop":{"background-color":"","background-image":"","background-repeat":"repeat","background-position":"center center","background-size":"auto","background-attachment":"scroll","background-type":"","background-media":"","overlay-type":"","overlay-color":"","overlay-opacity":"","overlay-gradient":""},"tablet":{"background-color":"","background-image":"","background-repeat":"repeat","background-position":"center center","background-size":"auto","background-attachment":"scroll","background-type":"","background-media":"","overlay-type":"","overlay-color":"","overlay-opacity":"","overlay-gradient":""},"mobile":{"background-color":"","background-image":"","background-repeat":"repeat","background-position":"center center","background-size":"auto","background-attachment":"scroll","background-type":"","background-media":"","overlay-type":"","overlay-color":"","overlay-opacity":"","overlay-gradient":""}},"ast-content-background-meta":{"desktop":{"background-color":"var(--ast-global-color-5)","background-image":"","background-repeat":"repeat","background-position":"center center","background-size":"auto","background-attachment":"scroll","background-type":"","background-media":"","overlay-type":"","overlay-color":"","overlay-opacity":"","overlay-gradient":""},"tablet":{"background-color":"var(--ast-global-color-5)","background-image":"","background-repeat":"repeat","background-position":"center center","background-size":"auto","background-attachment":"scroll","background-type":"","background-media":"","overlay-type":"","overlay-color":"","overlay-opacity":"","overlay-gradient":""},"mobile":{"background-color":"var(--ast-global-color-5)","background-image":"","background-repeat":"repeat","background-position":"center center","background-size":"auto","background-attachment":"scroll","background-type":"","background-media":"","overlay-type":"","overlay-color":"","overlay-opacity":"","overlay-gradient":""}},"footnotes":""},"class_list":["post-4256","page","type-page","status-publish","hentry"],"yoast_head":"<!-- This site is optimized with the Yoast SEO plugin v26.6 - https:\/\/yoast.com\/wordpress\/plugins\/seo\/ -->\n<title>PLDERU: Pneumatic Light Duty Ejector Release Unit<\/title>\n<meta name=\"description\" content=\"PLDERU \u00e8 un travetto leggero da 14&quot; ad eiezione pneumatica ad elevate prestazioni completamente sviluppato da AEREA\" \/>\n<meta name=\"robots\" content=\"index, follow, max-snippet:-1, max-image-preview:large, max-video-preview:-1\" \/>\n<link rel=\"canonical\" href=\"https:\/\/aerea.it\/it\/prodotti\/pneumatic-light-duty-ejector-release-unit\/\" \/>\n<meta property=\"og:locale\" content=\"it_IT\" \/>\n<meta property=\"og:type\" content=\"article\" \/>\n<meta property=\"og:title\" content=\"PLDERU: Pneumatic Light Duty Ejector Release Unit\" \/>\n<meta property=\"og:description\" content=\"PLDERU \u00e8 un travetto leggero da 14&quot; ad eiezione pneumatica ad elevate prestazioni completamente sviluppato da AEREA\" \/>\n<meta property=\"og:url\" content=\"https:\/\/aerea.it\/it\/prodotti\/pneumatic-light-duty-ejector-release-unit\/\" \/>\n<meta property=\"og:site_name\" content=\"AEREA S.p.A.\" \/>\n<meta property=\"article:modified_time\" content=\"2025-03-31T08:09:31+00:00\" \/>\n<meta property=\"og:image\" content=\"https:\/\/aerea.it\/wp-content\/uploads\/2021\/12\/diagonale_v.png\" \/>\n\t<meta property=\"og:image:width\" content=\"152\" \/>\n\t<meta property=\"og:image:height\" content=\"770\" \/>\n\t<meta property=\"og:image:type\" content=\"image\/png\" \/>\n<meta name=\"twitter:card\" content=\"summary_large_image\" \/>\n<meta name=\"twitter:label1\" content=\"Tempo di lettura stimato\" \/>\n\t<meta name=\"twitter:data1\" content=\"2 minuti\" \/>\n<script type=\"application\/ld+json\" class=\"yoast-schema-graph\">{\"@context\":\"https:\/\/schema.org\",\"@graph\":[{\"@type\":\"WebPage\",\"@id\":\"https:\/\/aerea.it\/it\/prodotti\/pneumatic-light-duty-ejector-release-unit\/\",\"url\":\"https:\/\/aerea.it\/it\/prodotti\/pneumatic-light-duty-ejector-release-unit\/\",\"name\":\"PLDERU: Pneumatic Light Duty Ejector Release Unit\",\"isPartOf\":{\"@id\":\"https:\/\/aerea.it\/it\/#website\"},\"primaryImageOfPage\":{\"@id\":\"https:\/\/aerea.it\/it\/prodotti\/pneumatic-light-duty-ejector-release-unit\/#primaryimage\"},\"image\":{\"@id\":\"https:\/\/aerea.it\/it\/prodotti\/pneumatic-light-duty-ejector-release-unit\/#primaryimage\"},\"thumbnailUrl\":\"https:\/\/aerea.it\/wp-content\/uploads\/2021\/12\/diagonale_v.png\",\"datePublished\":\"2021-12-02T10:53:51+00:00\",\"dateModified\":\"2025-03-31T08:09:31+00:00\",\"description\":\"PLDERU \u00e8 un travetto leggero da 14\\\" ad eiezione pneumatica ad elevate prestazioni completamente sviluppato da AEREA\",\"breadcrumb\":{\"@id\":\"https:\/\/aerea.it\/it\/prodotti\/pneumatic-light-duty-ejector-release-unit\/#breadcrumb\"},\"inLanguage\":\"it-IT\",\"potentialAction\":[{\"@type\":\"ReadAction\",\"target\":[\"https:\/\/aerea.it\/it\/prodotti\/pneumatic-light-duty-ejector-release-unit\/\"]}]},{\"@type\":\"ImageObject\",\"inLanguage\":\"it-IT\",\"@id\":\"https:\/\/aerea.it\/it\/prodotti\/pneumatic-light-duty-ejector-release-unit\/#primaryimage\",\"url\":\"https:\/\/aerea.it\/wp-content\/uploads\/2021\/12\/diagonale_v.png\",\"contentUrl\":\"https:\/\/aerea.it\/wp-content\/uploads\/2021\/12\/diagonale_v.png\"},{\"@type\":\"BreadcrumbList\",\"@id\":\"https:\/\/aerea.it\/it\/prodotti\/pneumatic-light-duty-ejector-release-unit\/#breadcrumb\",\"itemListElement\":[{\"@type\":\"ListItem\",\"position\":1,\"name\":\"Home\",\"item\":\"https:\/\/aerea.it\/it\/\"},{\"@type\":\"ListItem\",\"position\":2,\"name\":\"Prodotti\",\"item\":\"https:\/\/aerea.it\/it\/products\/\"},{\"@type\":\"ListItem\",\"position\":3,\"name\":\"PLDERU\"}]},{\"@type\":\"WebSite\",\"@id\":\"https:\/\/aerea.it\/it\/#website\",\"url\":\"https:\/\/aerea.it\/it\/\",\"name\":\"AEREA S.p.A.\",\"description\":\"Since 1927 our mission is the success of your mission\",\"publisher\":{\"@id\":\"https:\/\/aerea.it\/it\/#organization\"},\"potentialAction\":[{\"@type\":\"SearchAction\",\"target\":{\"@type\":\"EntryPoint\",\"urlTemplate\":\"https:\/\/aerea.it\/it\/?s={search_term_string}\"},\"query-input\":{\"@type\":\"PropertyValueSpecification\",\"valueRequired\":true,\"valueName\":\"search_term_string\"}}],\"inLanguage\":\"it-IT\"},{\"@type\":\"Organization\",\"@id\":\"https:\/\/aerea.it\/it\/#organization\",\"name\":\"Aerea S.p.A.\",\"url\":\"https:\/\/aerea.it\/it\/\",\"logo\":{\"@type\":\"ImageObject\",\"inLanguage\":\"it-IT\",\"@id\":\"https:\/\/aerea.it\/it\/#\/schema\/logo\/image\/\",\"url\":\"https:\/\/aerea.it\/wp-content\/uploads\/2021\/09\/cropped-Aerea_logo.png\",\"contentUrl\":\"https:\/\/aerea.it\/wp-content\/uploads\/2021\/09\/cropped-Aerea_logo.png\",\"width\":488,\"height\":168,\"caption\":\"Aerea S.p.A.\"},\"image\":{\"@id\":\"https:\/\/aerea.it\/it\/#\/schema\/logo\/image\/\"}}]}<\/script>\n<!-- \/ Yoast SEO plugin. -->","yoast_head_json":{"title":"PLDERU: Pneumatic Light Duty Ejector Release Unit","description":"PLDERU \u00e8 un travetto leggero da 14\" ad eiezione pneumatica ad elevate prestazioni completamente sviluppato da AEREA","robots":{"index":"index","follow":"follow","max-snippet":"max-snippet:-1","max-image-preview":"max-image-preview:large","max-video-preview":"max-video-preview:-1"},"canonical":"https:\/\/aerea.it\/it\/prodotti\/pneumatic-light-duty-ejector-release-unit\/","og_locale":"it_IT","og_type":"article","og_title":"PLDERU: Pneumatic Light Duty Ejector Release Unit","og_description":"PLDERU \u00e8 un travetto leggero da 14\" ad eiezione pneumatica ad elevate prestazioni completamente sviluppato da AEREA","og_url":"https:\/\/aerea.it\/it\/prodotti\/pneumatic-light-duty-ejector-release-unit\/","og_site_name":"AEREA S.p.A.","article_modified_time":"2025-03-31T08:09:31+00:00","og_image":[{"width":152,"height":770,"url":"https:\/\/aerea.it\/wp-content\/uploads\/2021\/12\/diagonale_v.png","type":"image\/png"}],"twitter_card":"summary_large_image","twitter_misc":{"Tempo di lettura stimato":"2 minuti"},"schema":{"@context":"https:\/\/schema.org","@graph":[{"@type":"WebPage","@id":"https:\/\/aerea.it\/it\/prodotti\/pneumatic-light-duty-ejector-release-unit\/","url":"https:\/\/aerea.it\/it\/prodotti\/pneumatic-light-duty-ejector-release-unit\/","name":"PLDERU: Pneumatic Light Duty Ejector Release Unit","isPartOf":{"@id":"https:\/\/aerea.it\/it\/#website"},"primaryImageOfPage":{"@id":"https:\/\/aerea.it\/it\/prodotti\/pneumatic-light-duty-ejector-release-unit\/#primaryimage"},"image":{"@id":"https:\/\/aerea.it\/it\/prodotti\/pneumatic-light-duty-ejector-release-unit\/#primaryimage"},"thumbnailUrl":"https:\/\/aerea.it\/wp-content\/uploads\/2021\/12\/diagonale_v.png","datePublished":"2021-12-02T10:53:51+00:00","dateModified":"2025-03-31T08:09:31+00:00","description":"PLDERU \u00e8 un travetto leggero da 14\" ad eiezione pneumatica ad elevate prestazioni completamente sviluppato da AEREA","breadcrumb":{"@id":"https:\/\/aerea.it\/it\/prodotti\/pneumatic-light-duty-ejector-release-unit\/#breadcrumb"},"inLanguage":"it-IT","potentialAction":[{"@type":"ReadAction","target":["https:\/\/aerea.it\/it\/prodotti\/pneumatic-light-duty-ejector-release-unit\/"]}]},{"@type":"ImageObject","inLanguage":"it-IT","@id":"https:\/\/aerea.it\/it\/prodotti\/pneumatic-light-duty-ejector-release-unit\/#primaryimage","url":"https:\/\/aerea.it\/wp-content\/uploads\/2021\/12\/diagonale_v.png","contentUrl":"https:\/\/aerea.it\/wp-content\/uploads\/2021\/12\/diagonale_v.png"},{"@type":"BreadcrumbList","@id":"https:\/\/aerea.it\/it\/prodotti\/pneumatic-light-duty-ejector-release-unit\/#breadcrumb","itemListElement":[{"@type":"ListItem","position":1,"name":"Home","item":"https:\/\/aerea.it\/it\/"},{"@type":"ListItem","position":2,"name":"Prodotti","item":"https:\/\/aerea.it\/it\/products\/"},{"@type":"ListItem","position":3,"name":"PLDERU"}]},{"@type":"WebSite","@id":"https:\/\/aerea.it\/it\/#website","url":"https:\/\/aerea.it\/it\/","name":"AEREA S.p.A.","description":"Since 1927 our mission is the success of your mission","publisher":{"@id":"https:\/\/aerea.it\/it\/#organization"},"potentialAction":[{"@type":"SearchAction","target":{"@type":"EntryPoint","urlTemplate":"https:\/\/aerea.it\/it\/?s={search_term_string}"},"query-input":{"@type":"PropertyValueSpecification","valueRequired":true,"valueName":"search_term_string"}}],"inLanguage":"it-IT"},{"@type":"Organization","@id":"https:\/\/aerea.it\/it\/#organization","name":"Aerea S.p.A.","url":"https:\/\/aerea.it\/it\/","logo":{"@type":"ImageObject","inLanguage":"it-IT","@id":"https:\/\/aerea.it\/it\/#\/schema\/logo\/image\/","url":"https:\/\/aerea.it\/wp-content\/uploads\/2021\/09\/cropped-Aerea_logo.png","contentUrl":"https:\/\/aerea.it\/wp-content\/uploads\/2021\/09\/cropped-Aerea_logo.png","width":488,"height":168,"caption":"Aerea S.p.A."},"image":{"@id":"https:\/\/aerea.it\/it\/#\/schema\/logo\/image\/"}}]}},"_links":{"self":[{"href":"https:\/\/aerea.it\/it\/wp-json\/wp\/v2\/pages\/4256","targetHints":{"allow":["GET"]}}],"collection":[{"href":"https:\/\/aerea.it\/it\/wp-json\/wp\/v2\/pages"}],"about":[{"href":"https:\/\/aerea.it\/it\/wp-json\/wp\/v2\/types\/page"}],"author":[{"embeddable":true,"href":"https:\/\/aerea.it\/it\/wp-json\/wp\/v2\/users\/1"}],"replies":[{"embeddable":true,"href":"https:\/\/aerea.it\/it\/wp-json\/wp\/v2\/comments?post=4256"}],"version-history":[{"count":0,"href":"https:\/\/aerea.it\/it\/wp-json\/wp\/v2\/pages\/4256\/revisions"}],"up":[{"embeddable":true,"href":"https:\/\/aerea.it\/it\/wp-json\/wp\/v2\/pages\/4188"}],"wp:attachment":[{"href":"https:\/\/aerea.it\/it\/wp-json\/wp\/v2\/media?parent=4256"}],"curies":[{"name":"wp","href":"https:\/\/api.w.org\/{rel}","templated":true}]}}